{"id":988,"date":"2022-05-23T16:26:41","date_gmt":"2022-05-23T14:26:41","guid":{"rendered":"https:\/\/towercampus.com\/?page_id=988"},"modified":"2023-09-14T14:25:18","modified_gmt":"2023-09-14T12:25:18","slug":"regulamento","status":"publish","type":"page","link":"https:\/\/towercampus.com\/pt\/regulamento\/","title":{"rendered":"Regulamento"},"content":{"rendered":"\t\t<div data-elementor-type=\"wp-page\" data-elementor-id=\"988\" class=\"elementor elementor-988\" data-elementor-post-type=\"page\">\n\t\t\t\t\t\t<section class=\"elementor-section elementor-top-section elementor-element elementor-element-4780bb8 elementor-section-boxed elementor-section-height-default elementor-section-height-default\" data-id=\"4780bb8\" data-element_type=\"section\">\n\t\t\t\t\t\t<div class=\"elementor-container elementor-column-gap-default\">\n\t\t\t\t\t<div class=\"elementor-column elementor-col-100 elementor-top-column elementor-element elementor-element-a2b11b4\" data-id=\"a2b11b4\" data-element_type=\"column\">\n\t\t\t<div class=\"elementor-widget-wrap elementor-element-populated\">\n\t\t\t\t\t\t<div class=\"elementor-element elementor-element-dd74527 elementor-hidden-tablet elementor-hidden-mobile elementor-widget elementor-widget-spacer\" data-id=\"dd74527\" data-element_type=\"widget\" data-widget_type=\"spacer.default\">\n\t\t\t\t<div class=\"elementor-widget-container\">\n\t\t\t\t\t\t\t<div class=\"elementor-spacer\">\n\t\t\t<div class=\"elementor-spacer-inner\"><\/div>\n\t\t<\/div>\n\t\t\t\t\t\t<\/div>\n\t\t\t\t<\/div>\n\t\t\t\t\t<\/div>\n\t\t<\/div>\n\t\t\t\t\t<\/div>\n\t\t<\/section>\n\t\t\t\t<section class=\"elementor-section elementor-top-section elementor-element elementor-element-64a97fa elementor-section-boxed elementor-section-height-default elementor-section-height-default\" data-id=\"64a97fa\" data-element_type=\"section\">\n\t\t\t\t\t\t<div class=\"elementor-container elementor-column-gap-default\">\n\t\t\t\t\t<div class=\"elementor-column elementor-col-100 elementor-top-column elementor-element elementor-element-ae00fee\" data-id=\"ae00fee\" data-element_type=\"column\">\n\t\t\t<div class=\"elementor-widget-wrap elementor-element-populated\">\n\t\t\t\t\t\t<div class=\"elementor-element elementor-element-e340179 elementor-invisible elementor-widget elementor-widget-heading\" data-id=\"e340179\" data-element_type=\"widget\" data-settings=\"{&quot;_animation&quot;:&quot;slideInRight&quot;}\" data-widget_type=\"heading.default\">\n\t\t\t\t<div class=\"elementor-widget-container\">\n\t\t\t\t\t<h3 class=\"elementor-heading-title elementor-size-default\">Art. 1 | Requisitos de acesso aos servi\u00e7os de habita\u00e7\u00e3o\n<\/h3>\t\t\t\t<\/div>\n\t\t\t\t<\/div>\n\t\t\t\t<div class=\"elementor-element elementor-element-265c801 elementor-invisible elementor-widget elementor-widget-text-editor\" data-id=\"265c801\" data-element_type=\"widget\" data-settings=\"{&quot;_animation&quot;:&quot;fadeIn&quot;,&quot;_animation_delay&quot;:800}\" data-widget_type=\"text-editor.default\">\n\t\t\t\t<div class=\"elementor-widget-container\">\n\t\t\t\t\t\t\t\t\t<ol><li>Podem acessar \u00e0 localiza\u00e7\u00e3o os estudantes e doutorandos regularmente inscritos \u00e0 Universidade de Forl\u00ec, bem como os estudantes matriculados nos cursos e participantes aos v\u00e1rios projetos de mobilidade internacional ligados \u00e0 Universidade de Forl\u00ec, assim como bolsistas, pesquisadores e docentes que desenvolvem atividades junto \u00e0 Universidade de Forl\u00ec, e jovens trabalhadores.<\/li><\/ol>\t\t\t\t\t\t\t\t<\/div>\n\t\t\t\t<\/div>\n\t\t\t\t\t<\/div>\n\t\t<\/div>\n\t\t\t\t\t<\/div>\n\t\t<\/section>\n\t\t\t\t<section class=\"elementor-section elementor-top-section elementor-element elementor-element-1fdf7df elementor-section-boxed elementor-section-height-default elementor-section-height-default\" data-id=\"1fdf7df\" data-element_type=\"section\">\n\t\t\t\t\t\t<div class=\"elementor-container elementor-column-gap-default\">\n\t\t\t\t\t<div class=\"elementor-column elementor-col-100 elementor-top-column elementor-element elementor-element-d836a33\" data-id=\"d836a33\" data-element_type=\"column\">\n\t\t\t<div class=\"elementor-widget-wrap elementor-element-populated\">\n\t\t\t\t\t\t<div class=\"elementor-element elementor-element-c695d20 elementor-invisible elementor-widget elementor-widget-heading\" data-id=\"c695d20\" data-element_type=\"widget\" data-settings=\"{&quot;_animation&quot;:&quot;slideInRight&quot;}\" data-widget_type=\"heading.default\">\n\t\t\t\t<div class=\"elementor-widget-container\">\n\t\t\t\t\t<h3 class=\"elementor-heading-title elementor-size-default\">Art. 2 | Entrega do local concedido em loca\u00e7\u00e3o<\/h3>\t\t\t\t<\/div>\n\t\t\t\t<\/div>\n\t\t\t\t<div class=\"elementor-element elementor-element-d434859 elementor-invisible elementor-widget elementor-widget-text-editor\" data-id=\"d434859\" data-element_type=\"widget\" data-settings=\"{&quot;_animation&quot;:&quot;fadeIn&quot;,&quot;_animation_delay&quot;:800}\" data-widget_type=\"text-editor.default\">\n\t\t\t\t<div class=\"elementor-widget-container\">\n\t\t\t\t\t\t\t\t\t<ol><li>O condutor recebe, completamente mobiliado e equipado, um alojamento do qual a integridade e limpeza se faz respons\u00e1vel o deposit\u00e1rio<\/li><li>O condutor recebe uma chave que lhe permite o acesso \u00e0 resid\u00eancia. Em caso de perda ou furto da chave o signat\u00e1rio deve entregar \u00e0 portaria uma declara\u00e7\u00e3o de extravio ou a den\u00fancia de furto e reembolsar as despesas da sua substitui\u00e7\u00e3o fixado em \u20ac 20.00. parar a chave (incluindo o custo para a substitui\u00e7\u00e3o da fechadura. As mesmas import\u00e2ncias s\u00e3o aplicadas no caso de danos que a torne inutiliz\u00e1vel.<\/li><\/ol>\t\t\t\t\t\t\t\t<\/div>\n\t\t\t\t<\/div>\n\t\t\t\t\t<\/div>\n\t\t<\/div>\n\t\t\t\t\t<\/div>\n\t\t<\/section>\n\t\t\t\t<section class=\"elementor-section elementor-top-section elementor-element elementor-element-4cadcd7 elementor-section-boxed elementor-section-height-default elementor-section-height-default\" data-id=\"4cadcd7\" data-element_type=\"section\">\n\t\t\t\t\t\t<div class=\"elementor-container elementor-column-gap-default\">\n\t\t\t\t\t<div class=\"elementor-column elementor-col-100 elementor-top-column elementor-element elementor-element-d069917\" data-id=\"d069917\" data-element_type=\"column\">\n\t\t\t<div class=\"elementor-widget-wrap elementor-element-populated\">\n\t\t\t\t\t\t<div class=\"elementor-element elementor-element-b9e9224 elementor-invisible elementor-widget elementor-widget-heading\" data-id=\"b9e9224\" data-element_type=\"widget\" data-settings=\"{&quot;_animation&quot;:&quot;slideInRight&quot;}\" data-widget_type=\"heading.default\">\n\t\t\t\t<div class=\"elementor-widget-container\">\n\t\t\t\t\t<h3 class=\"elementor-heading-title elementor-size-default\">Art. 3 | Uso do local e dos espa\u00e7os comuns<\/h3>\t\t\t\t<\/div>\n\t\t\t\t<\/div>\n\t\t\t\t<div class=\"elementor-element elementor-element-3728d8b elementor-invisible elementor-widget elementor-widget-text-editor\" data-id=\"3728d8b\" data-element_type=\"widget\" data-settings=\"{&quot;_animation&quot;:&quot;fadeIn&quot;,&quot;_animation_delay&quot;:800}\" data-widget_type=\"text-editor.default\">\n\t\t\t\t<div class=\"elementor-widget-container\">\n\t\t\t\t\t\t\t\t\t<ol><li>O condutor \u00e9 obrigado a adotar um comportamento que n\u00e3o cause dist\u00farbio e preju\u00edzo a outros condutores e terceiros. \u00e8 obrigado, igualmente, a dar tempestiva comunica\u00e7\u00e3o de qualquer dano acontecido ao local e aos espa\u00e7os comuns.<\/li><li>No caso venham encontrados ao interno das cozinhas e nos espa\u00e7os comuns lou\u00e7as sujas, indumentos abandonados, esses ser\u00e3o recolhidos e n\u00e3o devolvidos.<\/li><li>O condutor \u00e9 obrigado a observar normais atos de cautela para evitar furtos, inc\u00eandios e outros perigos a si e aos outros. A locadora declina qualquer responsabilidade no caso de furto de objetos pessoais e danos causados por terceiros ao condutor.<\/li><li>O condutor deve prover a conserva\u00e7\u00e3o e limpeza do quarto ou alojamento, do qual \u00e9 deposit\u00e1rio.<\/li><li>O condutor \u00e9 tamb\u00e9m respons\u00e1vel pela integridade e limpeza de espa\u00e7os<br \/>comuns que pertencem ao pr\u00f3prio alojamento, em particular modo \u00e0 cozinha.<\/li><li>O condutor deve consentir o acesso da locadora e outros funcion\u00e1rios aos servi\u00e7os de manuten\u00e7\u00e3o para efetuar eventuais opera\u00e7\u00f5es t\u00e9cnicas.<\/li><li>O condutor deve respeitar o regulamento condominial do estabelecimento.<\/li><li>O condutor tem a obriga\u00e7\u00e3o de utilizar m\u00e1scaras, de acordo com a DPCM de 02\/03;2021 nos locais comuns, e fora do pr\u00f3prio quarto.<\/li><\/ol>\t\t\t\t\t\t\t\t<\/div>\n\t\t\t\t<\/div>\n\t\t\t\t\t<\/div>\n\t\t<\/div>\n\t\t\t\t\t<\/div>\n\t\t<\/section>\n\t\t\t\t<section class=\"elementor-section elementor-top-section elementor-element elementor-element-acfa225 elementor-section-boxed elementor-section-height-default elementor-section-height-default\" data-id=\"acfa225\" data-element_type=\"section\">\n\t\t\t\t\t\t<div class=\"elementor-container elementor-column-gap-default\">\n\t\t\t\t\t<div class=\"elementor-column elementor-col-100 elementor-top-column elementor-element elementor-element-ef4e9f2\" data-id=\"ef4e9f2\" data-element_type=\"column\">\n\t\t\t<div class=\"elementor-widget-wrap elementor-element-populated\">\n\t\t\t\t\t\t<div class=\"elementor-element elementor-element-b5b751e elementor-invisible elementor-widget elementor-widget-heading\" data-id=\"b5b751e\" data-element_type=\"widget\" data-settings=\"{&quot;_animation&quot;:&quot;slideInRight&quot;}\" data-widget_type=\"heading.default\">\n\t\t\t\t<div class=\"elementor-widget-container\">\n\t\t\t\t\t<h3 class=\"elementor-heading-title elementor-size-default\">Art. 4 | Verifica\u00e7\u00f5es\n<\/h3>\t\t\t\t<\/div>\n\t\t\t\t<\/div>\n\t\t\t\t<div class=\"elementor-element elementor-element-9446c99 elementor-invisible elementor-widget elementor-widget-text-editor\" data-id=\"9446c99\" data-element_type=\"widget\" data-settings=\"{&quot;_animation&quot;:&quot;fadeIn&quot;,&quot;_animation_delay&quot;:800}\" data-widget_type=\"text-editor.default\">\n\t\t\t\t<div class=\"elementor-widget-container\">\n\t\t\t\t\t\t\t\t\t<ol><li>Podem ser efetuados por funcion\u00e1rios autorizados, controles ordin\u00e1rios programados, na faixa hor\u00e1ria de 9:00-13:00 e 15:00-19:00, e sem necessidade de pr\u00e9vio aviso individual, a fim de verificar as condi\u00e7\u00f5es do alojamento, dos espa\u00e7os comuns e de seus conte\u00fados, bem como o respeito ao regulamento. Quando o condutor n\u00e3o est\u00e1 presente, os encarregados, dotados da c\u00f3pia da chave, deixar\u00e3o ao interno do alojamento ou nos espa\u00e7os comuns um formul\u00e1rio com a descri\u00e7\u00e3o do resultado do controle. Em caso de resultado negativo, ser\u00e1 efetuado, em 7 dias, um controle extraordin\u00e1rio. No caso em que o segundo controle seja negativo, ser\u00e3o mandados ao escrit\u00f3rio de limpeza extraordin\u00e1ria, que comporta um custo de \u20ac 20.00. (vinte)<br \/>Poder\u00e3o ser efetuados outros controles segundo as modalidades consideradas mais id\u00f4neas pelo ente.<\/li><li>No dia de finaliza\u00e7\u00e3o de loca\u00e7\u00e3o, ou mesmo nas 48 sucessivas, ser\u00e1 efetuado com detalhado controle a fim de verificar as condi\u00e7\u00f5es do alojamento e de seu conte\u00fado. No momento em que o controle \u00e9 resultado positivo, se proceder\u00e1 \u00e0 restitui\u00e7\u00e3o da cau\u00e7\u00e3o do qual art. 3; no momento que o controle resulte negativo ser\u00e1 detido da cau\u00e7\u00e3o o valor para reembolsar o cano e\/ou despesas para interven\u00e7\u00e3o de limpeza. Quando a import\u00e2ncia devida exceda o montante da cau\u00e7\u00e3o, o condutor \u00e9 obrigado a depositar o valor excedente entre 10 dias do recebimento da comunica\u00e7\u00e3o.<\/li><li>Funcion\u00e1rios autorizados podem acessar o alojamento por motivos graves e urgentes.<\/li><li>Com a aceita\u00e7\u00e3o do presente regulamento o condutor renuncia a qualquer contesta\u00e7\u00e3o relativa ao acesso aos quartos por parte dos encarregados da locadora para as finalidades e modalidades acima descritas.<\/li><\/ol>\t\t\t\t\t\t\t\t<\/div>\n\t\t\t\t<\/div>\n\t\t\t\t\t<\/div>\n\t\t<\/div>\n\t\t\t\t\t<\/div>\n\t\t<\/section>\n\t\t\t\t<section class=\"elementor-section elementor-top-section elementor-element elementor-element-b049395 elementor-section-boxed elementor-section-height-default elementor-section-height-default\" data-id=\"b049395\" data-element_type=\"section\">\n\t\t\t\t\t\t<div class=\"elementor-container elementor-column-gap-default\">\n\t\t\t\t\t<div class=\"elementor-column elementor-col-100 elementor-top-column elementor-element elementor-element-06dbc78\" data-id=\"06dbc78\" data-element_type=\"column\">\n\t\t\t<div class=\"elementor-widget-wrap elementor-element-populated\">\n\t\t\t\t\t\t<div class=\"elementor-element elementor-element-e31918a elementor-invisible elementor-widget elementor-widget-heading\" data-id=\"e31918a\" data-element_type=\"widget\" data-settings=\"{&quot;_animation&quot;:&quot;slideInRight&quot;}\" data-widget_type=\"heading.default\">\n\t\t\t\t<div class=\"elementor-widget-container\">\n\t\t\t\t\t<h3 class=\"elementor-heading-title elementor-size-default\">Art. 5 | Proibi\u00e7\u00f5es\n<\/h3>\t\t\t\t<\/div>\n\t\t\t\t<\/div>\n\t\t\t\t<div class=\"elementor-element elementor-element-7c965b3 elementor-invisible elementor-widget elementor-widget-text-editor\" data-id=\"7c965b3\" data-element_type=\"widget\" data-settings=\"{&quot;_animation&quot;:&quot;fadeIn&quot;,&quot;_animation_delay&quot;:800}\" data-widget_type=\"text-editor.default\">\n\t\t\t\t<div class=\"elementor-widget-container\">\n\t\t\t\t\t\t\t\t\t\u00c9 severamente proibido: \n<ol>\n \t<li>Ceder o espa\u00e7o a terceiros.<\/li>\n \t<li>Receber, das 23:00 \u00e0s 9:00, pessoas n\u00e3o signat\u00e1rias do pr\u00f3prio alojamento.<\/li>\n \t<li>Provocar dist\u00farbios e ter comportamento tal da resultar incompat\u00edvel com as exig\u00eancias dos outros condutores; em particular devem ser evitados sons e barulhos inc\u00f4modos de qualquer tipo antes das 9:00 e depois das 23:00. <\/li>\n \t<li>Destinar a pr\u00f3prio uso particular qualquer parte dos espa\u00e7os e mobili\u00e1rio comum.<\/li>\n \t<li>Remover, introduzir ou mover m\u00f3veis ou equipamentos de qualquer tipo nos espa\u00e7os comuns e nos quartos, salvo em casos explicitamente autorizados.<\/li>\n \t<li>Fumar em qualquer espa\u00e7o.<\/li>\n \t<li>Instalar fios e tomadas el\u00e9tricas, al\u00e9m dos pontos existentes, e tamb\u00e9m trazer qualquer modifica\u00e7\u00e3o nas instala\u00e7\u00f5es, bem como usar tomadas m\u00faltiplas n\u00e3o id\u00f4neas.<\/li>\n \t<li>Deter ou empregar no quarto fog\u00f5es de qualquer tipo, aparelhos climatizadores e, tamb\u00e9m, eletrodom\u00e9sticos de qualquer tipo, salto os pequenos eletrodom\u00e9sticos para os cuidados da pessoa.<\/li>\n \t<li>Cozinhar ou aquecer comida e bebida nos quartos. <\/li>\n \t<li>Efetuar furos (com pregos e outros), escritas, desenhos e pinturas nas paredes, portas ou m\u00f3veis.<\/li>\n \t<li>Ter animais nos locais da resid\u00eancia ou nas \u00e1reas externas a essa anexada.<\/li>\n \t<li>Ter materiais inflam\u00e1veis ou subst\u00e2ncias radioativas nos quartos e espa\u00e7os comuns, introduzir o ter velas e lamparinas. <\/li>\n \t<li>Ter armas de qualquer tipo.<\/li>\n \t<li>Jogar nos condutores de descarga do banheiro materiais que possam obstruir as tubula\u00e7\u00f5es. \n<\/li>\n \t<li>Colocar nos terra\u00e7os e nos peitoris das janelas qualquer objeto do qual a presen\u00e7a possa constituir perigo para a integridade dos pedestres ou seja proibida do regulamento municipal vigente. <\/li>\n \t<li>Estender roupas fora da janela.<\/li>\n \t<li>Jogar ou depositar lixo fora dos recipientes adequados empregados para a coleta seletiva.<\/li>\n \t<li>Jogar bitucas de cigarro ou qualquer outro objeto da finestra ou dos terra\u00e7os.<\/li>\n \t<li>Executar ou contratar servi\u00e7os para execu\u00e7\u00e3o de reformas feitas por pessoas externas. <\/li>\n \t<li>Colocar autom\u00f3veis, motocicletas e bicicletas fora dos espa\u00e7os apropriados. <\/li>\n \t<li>Roubar g\u00eaneros alimentares da cozinha.<\/li>\n \t<li>Utilizar varal de roupas no interior do quarto ou em espa\u00e7os comuns.<\/li>\n \t<li>Deixar bicicletas nos espa\u00e7os apropriados al\u00e9m dos termos do contrato. <\/li>\n \t<li>Deter ou fazer uso de \u00e1lcool e drogas no interior da estrutura. <\/li>\n \t<li>Remover o sensor de alarme de inc\u00eandio, remover as baterias, colar ou cobrir com objetos estranhos os sensores.<\/li>\n<\/ol>\t\t\t\t\t\t\t\t<\/div>\n\t\t\t\t<\/div>\n\t\t\t\t\t<\/div>\n\t\t<\/div>\n\t\t\t\t\t<\/div>\n\t\t<\/section>\n\t\t\t\t<section class=\"elementor-section elementor-top-section elementor-element elementor-element-b7c0e8e elementor-section-boxed elementor-section-height-default elementor-section-height-default\" data-id=\"b7c0e8e\" data-element_type=\"section\">\n\t\t\t\t\t\t<div class=\"elementor-container elementor-column-gap-default\">\n\t\t\t\t\t<div class=\"elementor-column elementor-col-100 elementor-top-column elementor-element elementor-element-c5e94fa\" data-id=\"c5e94fa\" data-element_type=\"column\">\n\t\t\t<div class=\"elementor-widget-wrap elementor-element-populated\">\n\t\t\t\t\t\t<div class=\"elementor-element elementor-element-a9ac6bb elementor-invisible elementor-widget elementor-widget-heading\" data-id=\"a9ac6bb\" data-element_type=\"widget\" data-settings=\"{&quot;_animation&quot;:&quot;slideInRight&quot;}\" data-widget_type=\"heading.default\">\n\t\t\t\t<div class=\"elementor-widget-container\">\n\t\t\t\t\t<h3 class=\"elementor-heading-title elementor-size-default\">Art. 6 | Visitantes\n<\/h3>\t\t\t\t<\/div>\n\t\t\t\t<\/div>\n\t\t\t\t<div class=\"elementor-element elementor-element-f73edb3 elementor-invisible elementor-widget elementor-widget-text-editor\" data-id=\"f73edb3\" data-element_type=\"widget\" data-settings=\"{&quot;_animation&quot;:&quot;fadeIn&quot;,&quot;_animation_delay&quot;:800}\" data-widget_type=\"text-editor.default\">\n\t\t\t\t<div class=\"elementor-widget-container\">\n\t\t\t\t\t\t\t\t\t<ol><li>O condutor, sob a sua responsabilidade, pode receber visitantes, em modo n\u00e3o continuado, das 9:00 \u00e0s 23:00, com a condi\u00e7\u00e3o que este n\u00e3o comporte dist\u00farbio aos outros habitantes.<\/li><li>Passadas as 23:00 ser\u00e1 debitado um valor equivalente a \u20ac 50,00 como pernoite do h\u00f3spede.<br \/>No caso em que o condutor tenha a necessidade de hospedar uma pessoa por uma ou mais noites, dever\u00e1 requisitar a possibilidade \u00e0 portaria pelo menos 2 dias antes. A portaria verificar\u00e1 a possibilidade e em caso de necessidade adicionar\u00e1 uma cama no quarto alugado. O custo \u00e9 de \u20ac 35,00 pre\u00e7o por noite.<\/li><li>Os visitantes devem depositar um documento de identidade v\u00e1lido, que ser\u00e1 restitu\u00eddo ao fim da visita.<\/li><\/ol>\t\t\t\t\t\t\t\t<\/div>\n\t\t\t\t<\/div>\n\t\t\t\t\t<\/div>\n\t\t<\/div>\n\t\t\t\t\t<\/div>\n\t\t<\/section>\n\t\t\t\t<section class=\"elementor-section elementor-top-section elementor-element elementor-element-b9baf52 elementor-section-boxed elementor-section-height-default elementor-section-height-default\" data-id=\"b9baf52\" data-element_type=\"section\">\n\t\t\t\t\t\t<div class=\"elementor-container elementor-column-gap-default\">\n\t\t\t\t\t<div class=\"elementor-column elementor-col-100 elementor-top-column elementor-element elementor-element-5e9bae1\" data-id=\"5e9bae1\" data-element_type=\"column\">\n\t\t\t<div class=\"elementor-widget-wrap elementor-element-populated\">\n\t\t\t\t\t\t<div class=\"elementor-element elementor-element-eb95241 elementor-invisible elementor-widget elementor-widget-heading\" data-id=\"eb95241\" data-element_type=\"widget\" data-settings=\"{&quot;_animation&quot;:&quot;slideInRight&quot;}\" data-widget_type=\"heading.default\">\n\t\t\t\t<div class=\"elementor-widget-container\">\n\t\t\t\t\t<h3 class=\"elementor-heading-title elementor-size-default\">Art. 7 | Responsabilidade pecuni\u00e1ria\n<\/h3>\t\t\t\t<\/div>\n\t\t\t\t<\/div>\n\t\t\t\t<div class=\"elementor-element elementor-element-9134c84 elementor-invisible elementor-widget elementor-widget-text-editor\" data-id=\"9134c84\" data-element_type=\"widget\" data-settings=\"{&quot;_animation&quot;:&quot;fadeIn&quot;,&quot;_animation_delay&quot;:800}\" data-widget_type=\"text-editor.default\">\n\t\t\t\t<div class=\"elementor-widget-container\">\n\t\t\t\t\t\t\t\t\t<ol>\n \t<li>No caso em que sejam detectados avarias e danos n\u00e3o imput\u00e1veis \u00e0 normal deteriora\u00e7\u00e3o por uso o mesmo a falta de mobili\u00e1rios ou utens\u00edlios e no caso em que sejam necess\u00e1rios interven\u00e7\u00f5es extraordin\u00e1rias de limpeza por neglig\u00eancia dos condutores, estes dever\u00e3o restituir as despesas causadas pela repara\u00e7\u00e3o ou aquisi\u00e7\u00e3o dos bens danificados ou faltando, ou pelo interven\u00e7\u00e3o extraordin\u00e1ria efetuada.<\/li>\n \t<li>No caso em que se fique trancado para fora do quarto em hor\u00e1rio diverso daquele do servi\u00e7o de portaria ou em feriados o custo da chamada e reabertura da porta \u00e9 equivalente a \u20ac 20,00 (vinte). <\/li>\n \t<li>No caso seja ativado o alarme de inc\u00eandio ao interno do quarto, por n\u00e3o ter sido respeitada uma das proibi\u00e7\u00f5es acima citadas, o condutor pagar\u00e1 uma multa equivalente a \u20ac 150,00(cento e cinquenta) \n<\/li>\n<\/ol>\t\t\t\t\t\t\t\t<\/div>\n\t\t\t\t<\/div>\n\t\t\t\t\t<\/div>\n\t\t<\/div>\n\t\t\t\t\t<\/div>\n\t\t<\/section>\n\t\t\t\t<section class=\"elementor-section elementor-top-section elementor-element elementor-element-e0ff570 elementor-section-boxed elementor-section-height-default elementor-section-height-default\" data-id=\"e0ff570\" data-element_type=\"section\">\n\t\t\t\t\t\t<div class=\"elementor-container elementor-column-gap-default\">\n\t\t\t\t\t<div class=\"elementor-column elementor-col-100 elementor-top-column elementor-element elementor-element-3dade05\" data-id=\"3dade05\" data-element_type=\"column\">\n\t\t\t<div class=\"elementor-widget-wrap elementor-element-populated\">\n\t\t\t\t\t\t<div class=\"elementor-element elementor-element-bb1b8ac elementor-invisible elementor-widget elementor-widget-heading\" data-id=\"bb1b8ac\" data-element_type=\"widget\" data-settings=\"{&quot;_animation&quot;:&quot;slideInRight&quot;}\" data-widget_type=\"heading.default\">\n\t\t\t\t<div class=\"elementor-widget-container\">\n\t\t\t\t\t<h3 class=\"elementor-heading-title elementor-size-default\">Art. 8 | Coleta seletiva <\/h3>\t\t\t\t<\/div>\n\t\t\t\t<\/div>\n\t\t\t\t<div class=\"elementor-element elementor-element-3b17997 elementor-invisible elementor-widget elementor-widget-text-editor\" data-id=\"3b17997\" data-element_type=\"widget\" data-settings=\"{&quot;_animation&quot;:&quot;fadeIn&quot;,&quot;_animation_delay&quot;:800}\" data-widget_type=\"text-editor.default\">\n\t\t\t\t<div class=\"elementor-widget-container\">\n\t\t\t\t\t\t\t\t\t\u00c9 obriga\u00e7\u00e3o de todos os condutores realizar coleta seletiva segundo normas do munic\u00edpio de Forl\u00ec.\t\t\t\t\t\t\t\t<\/div>\n\t\t\t\t<\/div>\n\t\t\t\t\t<\/div>\n\t\t<\/div>\n\t\t\t\t\t<\/div>\n\t\t<\/section>\n\t\t\t\t<section class=\"elementor-section elementor-top-section elementor-element elementor-element-86fdf88 elementor-section-boxed elementor-section-height-default elementor-section-height-default\" data-id=\"86fdf88\" data-element_type=\"section\">\n\t\t\t\t\t\t<div class=\"elementor-container elementor-column-gap-default\">\n\t\t\t\t\t<div class=\"elementor-column elementor-col-100 elementor-top-column elementor-element elementor-element-a9e0e7a\" data-id=\"a9e0e7a\" data-element_type=\"column\">\n\t\t\t<div class=\"elementor-widget-wrap elementor-element-populated\">\n\t\t\t\t\t\t<div class=\"elementor-element elementor-element-2996540 elementor-invisible elementor-widget elementor-widget-heading\" data-id=\"2996540\" data-element_type=\"widget\" data-settings=\"{&quot;_animation&quot;:&quot;slideInRight&quot;}\" data-widget_type=\"heading.default\">\n\t\t\t\t<div class=\"elementor-widget-container\">\n\t\t\t\t\t<h3 class=\"elementor-heading-title elementor-size-default\">Art. 9 | Clausola recis\u00f3ria espressa\n<\/h3>\t\t\t\t<\/div>\n\t\t\t\t<\/div>\n\t\t\t\t<div class=\"elementor-element elementor-element-4cfc0d9 elementor-invisible elementor-widget elementor-widget-text-editor\" data-id=\"4cfc0d9\" data-element_type=\"widget\" data-settings=\"{&quot;_animation&quot;:&quot;fadeIn&quot;,&quot;_animation_delay&quot;:800}\" data-widget_type=\"text-editor.default\">\n\t\t\t\t<div class=\"elementor-widget-container\">\n\t\t\t\t\t\t\t\t\tQualquer viola\u00e7\u00e3o do presente regulamento constitui motivo de rescis\u00e3o do contrato de aluguel. \t\t\t\t\t\t\t\t<\/div>\n\t\t\t\t<\/div>\n\t\t\t\t\t<\/div>\n\t\t<\/div>\n\t\t\t\t\t<\/div>\n\t\t<\/section>\n\t\t\t\t<\/div>\n\t\t","protected":false},"excerpt":{"rendered":"<p>Art. 1 | Requisitos de acesso aos servi\u00e7os de habita\u00e7\u00e3o Podem acessar \u00e0 localiza\u00e7\u00e3o os estudantes e doutorandos regularmente inscritos \u00e0 Universidade de Forl\u00ec, bem como os estudantes matriculados nos cursos e participantes aos v\u00e1rios projetos de mobilidade internacional ligados \u00e0 Universidade de Forl\u00ec, assim como bolsistas, pesquisadores e docentes que desenvolvem atividades junto \u00e0&#8230;<\/p>\n","protected":false},"author":1,"featured_media":0,"parent":0,"menu_order":0,"comment_status":"closed","ping_status":"closed","template":"elementor_header_footer","meta":{"footnotes":""},"class_list":["post-988","page","type-page","status-publish","hentry"],"_links":{"self":[{"href":"https:\/\/towercampus.com\/pt\/wp-json\/wp\/v2\/pages\/988","targetHints":{"allow":["GET"]}}],"collection":[{"href":"https:\/\/towercampus.com\/pt\/wp-json\/wp\/v2\/pages"}],"about":[{"href":"https:\/\/towercampus.com\/pt\/wp-json\/wp\/v2\/types\/page"}],"author":[{"embeddable":true,"href":"https:\/\/towercampus.com\/pt\/wp-json\/wp\/v2\/users\/1"}],"replies":[{"embeddable":true,"href":"https:\/\/towercampus.com\/pt\/wp-json\/wp\/v2\/comments?post=988"}],"version-history":[{"count":89,"href":"https:\/\/towercampus.com\/pt\/wp-json\/wp\/v2\/pages\/988\/revisions"}],"predecessor-version":[{"id":2602,"href":"https:\/\/towercampus.com\/pt\/wp-json\/wp\/v2\/pages\/988\/revisions\/2602"}],"wp:attachment":[{"href":"https:\/\/towercampus.com\/pt\/wp-json\/wp\/v2\/media?parent=988"}],"curies":[{"name":"wp","href":"https:\/\/api.w.org\/{rel}","templated":true}]}}