{"id":988,"date":"2022-05-23T16:26:41","date_gmt":"2022-05-23T14:26:41","guid":{"rendered":"https:\/\/towercampus.com\/es\/?page_id=988"},"modified":"2023-09-14T14:22:16","modified_gmt":"2023-09-14T12:22:16","slug":"reglamento","status":"publish","type":"page","link":"https:\/\/towercampus.com\/es\/reglamento\/","title":{"rendered":"Reglamento"},"content":{"rendered":"\t\t<div data-elementor-type=\"wp-page\" data-elementor-id=\"988\" class=\"elementor elementor-988\" data-elementor-post-type=\"page\">\n\t\t\t\t\t\t<section class=\"elementor-section elementor-top-section elementor-element elementor-element-4780bb8 elementor-section-boxed elementor-section-height-default elementor-section-height-default\" data-id=\"4780bb8\" data-element_type=\"section\">\n\t\t\t\t\t\t<div class=\"elementor-container elementor-column-gap-default\">\n\t\t\t\t\t<div class=\"elementor-column elementor-col-100 elementor-top-column elementor-element elementor-element-a2b11b4\" data-id=\"a2b11b4\" data-element_type=\"column\">\n\t\t\t<div class=\"elementor-widget-wrap elementor-element-populated\">\n\t\t\t\t\t\t<div class=\"elementor-element elementor-element-dd74527 elementor-hidden-tablet elementor-hidden-mobile elementor-widget elementor-widget-spacer\" data-id=\"dd74527\" data-element_type=\"widget\" data-widget_type=\"spacer.default\">\n\t\t\t\t<div class=\"elementor-widget-container\">\n\t\t\t\t\t\t\t<div class=\"elementor-spacer\">\n\t\t\t<div class=\"elementor-spacer-inner\"><\/div>\n\t\t<\/div>\n\t\t\t\t\t\t<\/div>\n\t\t\t\t<\/div>\n\t\t\t\t\t<\/div>\n\t\t<\/div>\n\t\t\t\t\t<\/div>\n\t\t<\/section>\n\t\t\t\t<section class=\"elementor-section elementor-top-section elementor-element elementor-element-64a97fa elementor-section-boxed elementor-section-height-default elementor-section-height-default\" data-id=\"64a97fa\" data-element_type=\"section\">\n\t\t\t\t\t\t<div class=\"elementor-container elementor-column-gap-default\">\n\t\t\t\t\t<div class=\"elementor-column elementor-col-100 elementor-top-column elementor-element elementor-element-ae00fee\" data-id=\"ae00fee\" data-element_type=\"column\">\n\t\t\t<div class=\"elementor-widget-wrap elementor-element-populated\">\n\t\t\t\t\t\t<div class=\"elementor-element elementor-element-e340179 elementor-invisible elementor-widget elementor-widget-heading\" data-id=\"e340179\" data-element_type=\"widget\" data-settings=\"{&quot;_animation&quot;:&quot;slideInRight&quot;}\" data-widget_type=\"heading.default\">\n\t\t\t\t<div class=\"elementor-widget-container\">\n\t\t\t\t\t<h3 class=\"elementor-heading-title elementor-size-default\">Art.1 | Requisitos de acceso a los servicios de alojamiento<\/h3>\t\t\t\t<\/div>\n\t\t\t\t<\/div>\n\t\t\t\t<div class=\"elementor-element elementor-element-265c801 elementor-invisible elementor-widget elementor-widget-text-editor\" data-id=\"265c801\" data-element_type=\"widget\" data-settings=\"{&quot;_animation&quot;:&quot;fadeIn&quot;,&quot;_animation_delay&quot;:800}\" data-widget_type=\"text-editor.default\">\n\t\t\t\t<div class=\"elementor-widget-container\">\n\t\t\t\t\t\t\t\t\t<ol>\n \t<li>Pueden acceder a los arriendos los estudiantes y los doctorandos debidamente matriculados en la Universidad de Forl\u00ec, as\u00ed como los estudiantes matriculados en cursos participantes en los diferentes proyectos de movilidad internacional vinculados a la Universidad de Forl\u00ec, tambi\u00e9n pueden acceder los becarios, investigadores y personal docente que realicen actividades en la Universidad de Forl\u00ec, as\u00ed como j\u00f3venes trabajadores.\n<\/li>\n<\/ol>\t\t\t\t\t\t\t\t<\/div>\n\t\t\t\t<\/div>\n\t\t\t\t\t<\/div>\n\t\t<\/div>\n\t\t\t\t\t<\/div>\n\t\t<\/section>\n\t\t\t\t<section class=\"elementor-section elementor-top-section elementor-element elementor-element-1fdf7df elementor-section-boxed elementor-section-height-default elementor-section-height-default\" data-id=\"1fdf7df\" data-element_type=\"section\">\n\t\t\t\t\t\t<div class=\"elementor-container elementor-column-gap-default\">\n\t\t\t\t\t<div class=\"elementor-column elementor-col-100 elementor-top-column elementor-element elementor-element-d836a33\" data-id=\"d836a33\" data-element_type=\"column\">\n\t\t\t<div class=\"elementor-widget-wrap elementor-element-populated\">\n\t\t\t\t\t\t<div class=\"elementor-element elementor-element-c695d20 elementor-invisible elementor-widget elementor-widget-heading\" data-id=\"c695d20\" data-element_type=\"widget\" data-settings=\"{&quot;_animation&quot;:&quot;slideInRight&quot;}\" data-widget_type=\"heading.default\">\n\t\t\t\t<div class=\"elementor-widget-container\">\n\t\t\t\t\t<h3 class=\"elementor-heading-title elementor-size-default\">Art.2 | Entrega del local al arrendatario<\/h3>\t\t\t\t<\/div>\n\t\t\t\t<\/div>\n\t\t\t\t<div class=\"elementor-element elementor-element-d434859 elementor-invisible elementor-widget elementor-widget-text-editor\" data-id=\"d434859\" data-element_type=\"widget\" data-settings=\"{&quot;_animation&quot;:&quot;fadeIn&quot;,&quot;_animation_delay&quot;:800}\" data-widget_type=\"text-editor.default\">\n\t\t\t\t<div class=\"elementor-widget-container\">\n\t\t\t\t\t\t\t\t\t<ol>\n \t<li>El Arrendatario recibe la entrega del lugar de alojamiento, equipado y con mobiliario completo y en calidad de depositario es responsable de la integridad y limpieza del mismo.<\/li>\n \t<li>El Arrendatario recibe una llave que le permite el acceso a la residencia. En caso de p\u00e9rdida o sustracci\u00f3n de la llave, el arrendatario est\u00e1 obligado a entregar en conserjer\u00eda una declaraci\u00f3n de p\u00e9rdida o de sustracci\u00f3n y a reembolsar los gastos por el coste de su reposici\u00f3n, fijado en \u20ac. 20,00 por las llaves (incluido el coste del cambio de cerradura). Los mismos importes se aplican en caso de deterioro que la inutilice.\n<\/li>\n<\/ol>\t\t\t\t\t\t\t\t<\/div>\n\t\t\t\t<\/div>\n\t\t\t\t\t<\/div>\n\t\t<\/div>\n\t\t\t\t\t<\/div>\n\t\t<\/section>\n\t\t\t\t<section class=\"elementor-section elementor-top-section elementor-element elementor-element-4cadcd7 elementor-section-boxed elementor-section-height-default elementor-section-height-default\" data-id=\"4cadcd7\" data-element_type=\"section\">\n\t\t\t\t\t\t<div class=\"elementor-container elementor-column-gap-default\">\n\t\t\t\t\t<div class=\"elementor-column elementor-col-100 elementor-top-column elementor-element elementor-element-d069917\" data-id=\"d069917\" data-element_type=\"column\">\n\t\t\t<div class=\"elementor-widget-wrap elementor-element-populated\">\n\t\t\t\t\t\t<div class=\"elementor-element elementor-element-b9e9224 elementor-invisible elementor-widget elementor-widget-heading\" data-id=\"b9e9224\" data-element_type=\"widget\" data-settings=\"{&quot;_animation&quot;:&quot;slideInRight&quot;}\" data-widget_type=\"heading.default\">\n\t\t\t\t<div class=\"elementor-widget-container\">\n\t\t\t\t\t<h3 class=\"elementor-heading-title elementor-size-default\">Art. 3 | Uso del local arrendado y zonas comunes\n<\/h3>\t\t\t\t<\/div>\n\t\t\t\t<\/div>\n\t\t\t\t<div class=\"elementor-element elementor-element-3728d8b elementor-invisible elementor-widget elementor-widget-text-editor\" data-id=\"3728d8b\" data-element_type=\"widget\" data-settings=\"{&quot;_animation&quot;:&quot;fadeIn&quot;,&quot;_animation_delay&quot;:800}\" data-widget_type=\"text-editor.default\">\n\t\t\t\t<div class=\"elementor-widget-container\">\n\t\t\t\t\t\t\t\t\t<ol>\n \t<li>El Arrendatario est\u00e1 obligado a adoptar un comportamiento que no cause molestia o perjudique a otros arrendatarios y tercero. Adem\u00e1s el arrendatario est\u00e1 obligado a dar aviso oportuno de cualquier da\u00f1o ocasionado en el local arrendado y espacios comunes.\n<\/li>\n \t<li>Si dentro de las cocinas o en las zonas comunes se encuentran \u00fatiles sucios o ropa abandonada, se recoger\u00e1n y no se devolver\u00e1n.\n<\/li>\n \t<li>El Arrendatario est\u00e1 obligado a observar las precauciones normales destinadas a evitar robos, incendios u otros peligros para s\u00ed mismo y para los dem\u00e1s. El arrendador declina toda responsabilidad en caso de robo de efectos personales y da\u00f1os causados por terceros al Arrendatario.\n<\/li>\n \t<li>El Arrendatario, en calidad de depositario, deber\u00e1 garantizar la conservaci\u00f3n y limpieza de la habitaci\u00f3n o alojamiento.\n<\/li>\n \t<li>Asimismo el Arrendatario es corresponsable de la integridad y limpieza de las zonas comunes pertenecientes a su alojamiento, en especial de las cocinas.\n<\/li>\n \t<li>El Arrendatario deber\u00e1 permitir el acceso a las personas designadas por el arrendador y al personal del servicio de mantenimiento para la realizaci\u00f3n de eventuales intervenciones t\u00e9cnicas.\n<\/li>\n \t<li>El Arrendatario debe cumplir con el Reglamento de Condominio del Edificio.\n<\/li>\n \t<li>El uso de mascarilla es obligatorio seg\u00fan lo establecido por el Decreto del Primer Ministro del 03\/02\/2021 en los espacios comunes, fuera de su habitaci\u00f3n. \n<\/li>\n<\/ol>\t\t\t\t\t\t\t\t<\/div>\n\t\t\t\t<\/div>\n\t\t\t\t\t<\/div>\n\t\t<\/div>\n\t\t\t\t\t<\/div>\n\t\t<\/section>\n\t\t\t\t<section class=\"elementor-section elementor-top-section elementor-element elementor-element-acfa225 elementor-section-boxed elementor-section-height-default elementor-section-height-default\" data-id=\"acfa225\" data-element_type=\"section\">\n\t\t\t\t\t\t<div class=\"elementor-container elementor-column-gap-default\">\n\t\t\t\t\t<div class=\"elementor-column elementor-col-100 elementor-top-column elementor-element elementor-element-ef4e9f2\" data-id=\"ef4e9f2\" data-element_type=\"column\">\n\t\t\t<div class=\"elementor-widget-wrap elementor-element-populated\">\n\t\t\t\t\t\t<div class=\"elementor-element elementor-element-b5b751e elementor-invisible elementor-widget elementor-widget-heading\" data-id=\"b5b751e\" data-element_type=\"widget\" data-settings=\"{&quot;_animation&quot;:&quot;slideInRight&quot;}\" data-widget_type=\"heading.default\">\n\t\t\t\t<div class=\"elementor-widget-container\">\n\t\t\t\t\t<h3 class=\"elementor-heading-title elementor-size-default\">Art. 4 | Controles\n<\/h3>\t\t\t\t<\/div>\n\t\t\t\t<\/div>\n\t\t\t\t<div class=\"elementor-element elementor-element-9446c99 elementor-invisible elementor-widget elementor-widget-text-editor\" data-id=\"9446c99\" data-element_type=\"widget\" data-settings=\"{&quot;_animation&quot;:&quot;fadeIn&quot;,&quot;_animation_delay&quot;:800}\" data-widget_type=\"text-editor.default\">\n\t\t\t\t<div class=\"elementor-widget-container\">\n\t\t\t\t\t\t\t\t\t<ol>\n \t<li>Controles ordinarios programados pueden ser realizados por personal autorizado en las franjas horarias de 9:00-13:00 y 15:00-19:00 y sin necesidad de previo aviso individual, con el fin de verificar las condiciones del alojamiento, las \u00e1reas comunes y sus contenido, as\u00ed como el cumplimiento del presente Reglamento. Si el Arrendatario no est\u00e1 presente, los responsables, provistos de una copia de la llave, dejan un formulario dentro del alojamiento y\/o en las \u00e1reas comunes con la descripci\u00f3n del resultado del control. En caso de resultado negativo, se realizar\u00e1 un control extraordinario en el plazo de 7 d\u00edas. En el caso de que el segundo control tambi\u00e9n resulte negativo, se planificar\u00e1 de oficio una intervenci\u00f3n extraordinaria de limpieza que implicar\u00e1 un coste de 20,00\u20ac (veinte\/00). Otros controles podr\u00e1n realizarse en la forma que la Entidad considere m\u00e1s adecuada.\n<\/li>\n \t<li>El d\u00eda de la finalizaci\u00f3n del contrato de arrendamiento, o en todo caso dentro de las 48 horas siguientes, se realizar\u00e1 un control detallado con el fin de verificar las condiciones del alojamiento y su contenido. En el caso de que tal control resulte ser positivo, se proceder\u00e1 a la devoluci\u00f3n del dep\u00f3sito de garant\u00eda a que se refiere el art. 3; cuando el control resulte negativo, del dep\u00f3sito de garant\u00eda se descontar\u00e1 el importe adecuado para remediar el da\u00f1o y\/o los costos de la intervenci\u00f3n de limpieza. Si el importe debido excede el monto del dep\u00f3sito de garant\u00eda, el Arrendatario est\u00e1 obligado a pagar el excedente dentro de los 10 d\u00edas posteriores a la recepci\u00f3n de la comunicaci\u00f3n.\n<\/li>\n \t<li>El personal autorizado puede de todas formas seguir accediendo al alojamiento por motivos graves y urgentes.\n<\/li>\n \t<li>Con la aceptaci\u00f3n del presente Reglamento, el arrendatario renuncia a cualquier controversia relativa al acceso a las habitaciones por parte del personal designado por el arrendador a los efectos y en la forma antes descrita.\n<\/li>\n<\/ol>\t\t\t\t\t\t\t\t<\/div>\n\t\t\t\t<\/div>\n\t\t\t\t\t<\/div>\n\t\t<\/div>\n\t\t\t\t\t<\/div>\n\t\t<\/section>\n\t\t\t\t<section class=\"elementor-section elementor-top-section elementor-element elementor-element-b049395 elementor-section-boxed elementor-section-height-default elementor-section-height-default\" data-id=\"b049395\" data-element_type=\"section\">\n\t\t\t\t\t\t<div class=\"elementor-container elementor-column-gap-default\">\n\t\t\t\t\t<div class=\"elementor-column elementor-col-100 elementor-top-column elementor-element elementor-element-06dbc78\" data-id=\"06dbc78\" data-element_type=\"column\">\n\t\t\t<div class=\"elementor-widget-wrap elementor-element-populated\">\n\t\t\t\t\t\t<div class=\"elementor-element elementor-element-e31918a elementor-invisible elementor-widget elementor-widget-heading\" data-id=\"e31918a\" data-element_type=\"widget\" data-settings=\"{&quot;_animation&quot;:&quot;slideInRight&quot;}\" data-widget_type=\"heading.default\">\n\t\t\t\t<div class=\"elementor-widget-container\">\n\t\t\t\t\t<h3 class=\"elementor-heading-title elementor-size-default\">Art. 5 | Prohibiciones\n<\/h3>\t\t\t\t<\/div>\n\t\t\t\t<\/div>\n\t\t\t\t<div class=\"elementor-element elementor-element-7c965b3 elementor-invisible elementor-widget elementor-widget-text-editor\" data-id=\"7c965b3\" data-element_type=\"widget\" data-settings=\"{&quot;_animation&quot;:&quot;fadeIn&quot;,&quot;_animation_delay&quot;:800}\" data-widget_type=\"text-editor.default\">\n\t\t\t\t<div class=\"elementor-widget-container\">\n\t\t\t\t\t\t\t\t\tEst\u00e1 estrictamente prohibido:\n<ol>\n \t<li>Transferir el uso del local a terceros;\n<\/li>\n \t<li>Acomodar, de 23.00 a 9.00 horas, personas que no tengan derecho al uso del alojamiento en calidad de Arrendatarios;\n<\/li>\n \t<li>Causar molestia y mantener una conducta que sea incompatible con las exigencias de otros Arrendatarios; en particular, deben evitarse los sonidos molestos y ruidos de cualquier tipo antes de las 9:00 y despu\u00e9s de las 23:00;\n<\/li>\n \t<li>Destinar cualquier parte de los espacios comunes y del mobiliario compartido \u00fanicamente para uso personal:\n<\/li>\n \t<li>Retirar, introducir o mover muebles o enseres de cualquier clase en las \u00e1reas comunes y habitaciones, salvo en los casos expresamente autorizados;\n<\/li>\n \t<li>Fumar en todos los espacios interiores de la estructura;<\/li>\n \t<li>Instalar cables o tomas el\u00e9ctricos y puntos de luz adicionales a los existentes y, en todo caso, efectuar cualquier cambio en las instalaciones, as\u00ed como utilizar toma m\u00faltiple no adecuada;\n<\/li>\n \t<li>Disponer y utilizar cualquier tipo de estufa, equipo de aire acondicionado y, en todo caso, electrodom\u00e9sticos de cualquier tipo, con excepci\u00f3n de los peque\u00f1os electrodom\u00e9sticos destinados al aseo personal;\n<\/li>\n \t<li>Cocinare o recalentar alimentos y bebidas en las habitaciones;\n<\/li>\n \t<li>Hacer agujeros (con clavos u otros), escritos, dibujos y pinturas en paredes, puertas o muebles;\n<\/li>\n \t<li>Tener animales en los locales de la residencia y en las \u00e1reas exteriores anexas a la misma;\n<\/li>\n \t<li>Mantener materiales inflamables y sustancias radiactivas en las habitaciones y espacios comunes, introducir o disponer de velas o candelitas;\n<\/li>\n \t<li>Poseer armas de todo tipo;\n<\/li>\n \t<li>Echar en los conductos de desag\u00fce sanitario materiales que puedan obstruir las tuber\u00edas;\n<\/li>\n \t<li>Colocar en las terrazas y alf\u00e9izares cualquier objeto cuya presencia pueda constituir un peligro para la seguridad de los transe\u00fantes o est\u00e9 prohibido por la normativa municipal vigente;\n<\/li>\n \t<li>Colgar la ropa en la ventana;\n<\/li>\n \t<li>Echar o depositar la basura o los residuos fuera de los contenedores especiales utilizados para la recogida selectiva;\n<\/li>\n \t<li>Tirar colillas o cualquier otro objeto desde ventanas o balcones;\n<\/li>\n \t<li>Realizar o encargar a personas externas que realicen trabajos de reparaci\u00f3n;\n<\/li>\n \t<li>El estacionamiento de autom\u00f3viles, motocicletas y bicicletas fuera de los espacios especialmente destinados;\n<\/li>\n \t<li>Robar productos alimenticios de las cocinas;<\/li>\n \t<li>Utilizar tendederos dentro de las habitaciones o \u00e1reas comunes;\n<\/li>\n \t<li>Dejar las bicicletas guardadas en los espacios apropiados m\u00e1s all\u00e1 de los t\u00e9rminos del contrato;<\/li>\n \t<li>El consumo y posesi\u00f3n de alcohol y drogas dentro de la instalaci\u00f3n;<\/li>\n\n<li>Desinstalar los sensores de alarma contra incendios, retirar la bater\u00eda o cubrir los sensores con objetos extra\u00f1os.<\/li>\n<\/ol>\t\t\t\t\t\t\t\t<\/div>\n\t\t\t\t<\/div>\n\t\t\t\t\t<\/div>\n\t\t<\/div>\n\t\t\t\t\t<\/div>\n\t\t<\/section>\n\t\t\t\t<section class=\"elementor-section elementor-top-section elementor-element elementor-element-b7c0e8e elementor-section-boxed elementor-section-height-default elementor-section-height-default\" data-id=\"b7c0e8e\" data-element_type=\"section\">\n\t\t\t\t\t\t<div class=\"elementor-container elementor-column-gap-default\">\n\t\t\t\t\t<div class=\"elementor-column elementor-col-100 elementor-top-column elementor-element elementor-element-c5e94fa\" data-id=\"c5e94fa\" data-element_type=\"column\">\n\t\t\t<div class=\"elementor-widget-wrap elementor-element-populated\">\n\t\t\t\t\t\t<div class=\"elementor-element elementor-element-a9ac6bb elementor-invisible elementor-widget elementor-widget-heading\" data-id=\"a9ac6bb\" data-element_type=\"widget\" data-settings=\"{&quot;_animation&quot;:&quot;slideInRight&quot;}\" data-widget_type=\"heading.default\">\n\t\t\t\t<div class=\"elementor-widget-container\">\n\t\t\t\t\t<h3 class=\"elementor-heading-title elementor-size-default\">Art. 6 | Invitados\n<\/h3>\t\t\t\t<\/div>\n\t\t\t\t<\/div>\n\t\t\t\t<div class=\"elementor-element elementor-element-f73edb3 elementor-invisible elementor-widget elementor-widget-text-editor\" data-id=\"f73edb3\" data-element_type=\"widget\" data-settings=\"{&quot;_animation&quot;:&quot;fadeIn&quot;,&quot;_animation_delay&quot;:800}\" data-widget_type=\"text-editor.default\">\n\t\t\t\t<div class=\"elementor-widget-container\">\n\t\t\t\t\t\t\t\t\t<ol><li>El arrendatario, bajo su responsabilidad, puede recibir invitados, de forma no continua, de 9:00 a 23:00 horas, siempre y cuando ello no cause molestias a los dem\u00e1s arrendatarios;<\/li><li>A partir de las 23.00 horas se cobrar\u00e1 un importe de 50,00 \u20ac en concepto de pernoctaci\u00f3n del hu\u00e9sped;<br \/>En el caso de que el arrendatario necesite alojar a una persona durante una o m\u00e1s noches, deber\u00e1 solicitar la posibilidad en la recepci\u00f3n con al menos 2 d\u00edas de antelaci\u00f3n; se verificar\u00e1 la posibilidad y si es necesario se agregar\u00e1 una cama en la habitaci\u00f3n alquilada. El coste es de 35,00 \u20ac por la noche.<\/li><li>Los hu\u00e9spedes deber\u00e1n depositar en recepci\u00f3n un documento de identificaci\u00f3n v\u00e1lido, que les ser\u00e1 devuelto al finalizar la visita;<\/li><\/ol>\t\t\t\t\t\t\t\t<\/div>\n\t\t\t\t<\/div>\n\t\t\t\t\t<\/div>\n\t\t<\/div>\n\t\t\t\t\t<\/div>\n\t\t<\/section>\n\t\t\t\t<section class=\"elementor-section elementor-top-section elementor-element elementor-element-b9baf52 elementor-section-boxed elementor-section-height-default elementor-section-height-default\" data-id=\"b9baf52\" data-element_type=\"section\">\n\t\t\t\t\t\t<div class=\"elementor-container elementor-column-gap-default\">\n\t\t\t\t\t<div class=\"elementor-column elementor-col-100 elementor-top-column elementor-element elementor-element-5e9bae1\" data-id=\"5e9bae1\" data-element_type=\"column\">\n\t\t\t<div class=\"elementor-widget-wrap elementor-element-populated\">\n\t\t\t\t\t\t<div class=\"elementor-element elementor-element-eb95241 elementor-invisible elementor-widget elementor-widget-heading\" data-id=\"eb95241\" data-element_type=\"widget\" data-settings=\"{&quot;_animation&quot;:&quot;slideInRight&quot;}\" data-widget_type=\"heading.default\">\n\t\t\t\t<div class=\"elementor-widget-container\">\n\t\t\t\t\t<h3 class=\"elementor-heading-title elementor-size-default\">Art. 7 | Responsabilidad pecuniaria\n\n<\/h3>\t\t\t\t<\/div>\n\t\t\t\t<\/div>\n\t\t\t\t<div class=\"elementor-element elementor-element-9134c84 elementor-invisible elementor-widget elementor-widget-text-editor\" data-id=\"9134c84\" data-element_type=\"widget\" data-settings=\"{&quot;_animation&quot;:&quot;fadeIn&quot;,&quot;_animation_delay&quot;:800}\" data-widget_type=\"text-editor.default\">\n\t\t\t\t<div class=\"elementor-widget-container\">\n\t\t\t\t\t\t\t\t\t<ol>\n \t<li>En el caso de que sean detectadas aver\u00edas o da\u00f1os no imputables al desgaste natural o sea constatada la falta de mobiliario, utensilios o adornos y en el caso de que sean necesarias intervenciones extraordinarias de limpieza por negligencia de los arrendatarios, \u00e9stos deber\u00e1n reembolsar los gastos ocasionados por la reparaci\u00f3n o la compra de los bienes da\u00f1ados o faltantes o por la intervenci\u00f3n extraordinaria realizada;\n<\/li>\n \t<li>En el caso de que el arrendatario permanezca cerrado fuera de su habitaci\u00f3n en horarios distintos a los del servicio de conserjer\u00eda o festivos, el coste de la llamada y reapertura de la habitaci\u00f3n tiene un coste de \u20ac. 20.00 (veinte \/ 00);<\/li>\n \t<li>Si se activa la alarma de incendios en el interior de la habitaci\u00f3n, por incumplimiento de una de las prohibiciones mencionadas anteriormente, el arrendatario deber\u00e1 pagar una multa de 150,00 \u20ac (ciento cincuenta \/ 00);<\/li>\n<\/ol>\t\t\t\t\t\t\t\t<\/div>\n\t\t\t\t<\/div>\n\t\t\t\t\t<\/div>\n\t\t<\/div>\n\t\t\t\t\t<\/div>\n\t\t<\/section>\n\t\t\t\t<section class=\"elementor-section elementor-top-section elementor-element elementor-element-e0ff570 elementor-section-boxed elementor-section-height-default elementor-section-height-default\" data-id=\"e0ff570\" data-element_type=\"section\">\n\t\t\t\t\t\t<div class=\"elementor-container elementor-column-gap-default\">\n\t\t\t\t\t<div class=\"elementor-column elementor-col-100 elementor-top-column elementor-element elementor-element-3dade05\" data-id=\"3dade05\" data-element_type=\"column\">\n\t\t\t<div class=\"elementor-widget-wrap elementor-element-populated\">\n\t\t\t\t\t\t<div class=\"elementor-element elementor-element-bb1b8ac elementor-invisible elementor-widget elementor-widget-heading\" data-id=\"bb1b8ac\" data-element_type=\"widget\" data-settings=\"{&quot;_animation&quot;:&quot;slideInRight&quot;}\" data-widget_type=\"heading.default\">\n\t\t\t\t<div class=\"elementor-widget-container\">\n\t\t\t\t\t<h3 class=\"elementor-heading-title elementor-size-default\">Art. 8 | Recogida selectiva<\/h3>\t\t\t\t<\/div>\n\t\t\t\t<\/div>\n\t\t\t\t<div class=\"elementor-element elementor-element-3b17997 elementor-invisible elementor-widget elementor-widget-text-editor\" data-id=\"3b17997\" data-element_type=\"widget\" data-settings=\"{&quot;_animation&quot;:&quot;fadeIn&quot;,&quot;_animation_delay&quot;:800}\" data-widget_type=\"text-editor.default\">\n\t\t\t\t<div class=\"elementor-widget-container\">\n\t\t\t\t\t\t\t\t\tTodos los inquilinos est\u00e1n obligados a realizar la recogida selectiva seg\u00fan la normativa vigente en el Municipio de Forl\u00ec;\n\t\t\t\t\t\t\t\t<\/div>\n\t\t\t\t<\/div>\n\t\t\t\t\t<\/div>\n\t\t<\/div>\n\t\t\t\t\t<\/div>\n\t\t<\/section>\n\t\t\t\t<section class=\"elementor-section elementor-top-section elementor-element elementor-element-86fdf88 elementor-section-boxed elementor-section-height-default elementor-section-height-default\" data-id=\"86fdf88\" data-element_type=\"section\">\n\t\t\t\t\t\t<div class=\"elementor-container elementor-column-gap-default\">\n\t\t\t\t\t<div class=\"elementor-column elementor-col-100 elementor-top-column elementor-element elementor-element-a9e0e7a\" data-id=\"a9e0e7a\" data-element_type=\"column\">\n\t\t\t<div class=\"elementor-widget-wrap elementor-element-populated\">\n\t\t\t\t\t\t<div class=\"elementor-element elementor-element-2996540 elementor-invisible elementor-widget elementor-widget-heading\" data-id=\"2996540\" data-element_type=\"widget\" data-settings=\"{&quot;_animation&quot;:&quot;slideInRight&quot;}\" data-widget_type=\"heading.default\">\n\t\t\t\t<div class=\"elementor-widget-container\">\n\t\t\t\t\t<h3 class=\"elementor-heading-title elementor-size-default\">Art. 9 | Cl\u00e1usula resolutoria expresa\n<\/h3>\t\t\t\t<\/div>\n\t\t\t\t<\/div>\n\t\t\t\t<div class=\"elementor-element elementor-element-4cfc0d9 elementor-invisible elementor-widget elementor-widget-text-editor\" data-id=\"4cfc0d9\" data-element_type=\"widget\" data-settings=\"{&quot;_animation&quot;:&quot;fadeIn&quot;,&quot;_animation_delay&quot;:800}\" data-widget_type=\"text-editor.default\">\n\t\t\t\t<div class=\"elementor-widget-container\">\n\t\t\t\t\t\t\t\t\tCualquier infracci\u00f3n de las disposiciones del presente Reglamento constituye causa de resoluci\u00f3n del contrato de arrendamiento, como cl\u00e1usula resolutoria expresa;\n\t\t\t\t\t\t\t\t<\/div>\n\t\t\t\t<\/div>\n\t\t\t\t\t<\/div>\n\t\t<\/div>\n\t\t\t\t\t<\/div>\n\t\t<\/section>\n\t\t\t\t<\/div>\n\t\t","protected":false},"excerpt":{"rendered":"<p>Art.1 | Requisitos de acceso a los servicios de alojamiento Pueden acceder a los arriendos los estudiantes y los doctorandos debidamente matriculados en la Universidad de Forl\u00ec, as\u00ed como los estudiantes matriculados en cursos participantes en los diferentes proyectos de movilidad internacional vinculados a la Universidad de Forl\u00ec, tambi\u00e9n pueden acceder los becarios, investigadores y&#8230;<\/p>\n","protected":false},"author":1,"featured_media":0,"parent":0,"menu_order":0,"comment_status":"closed","ping_status":"closed","template":"elementor_header_footer","meta":{"footnotes":""},"class_list":["post-988","page","type-page","status-publish","hentry"],"_links":{"self":[{"href":"https:\/\/towercampus.com\/es\/wp-json\/wp\/v2\/pages\/988","targetHints":{"allow":["GET"]}}],"collection":[{"href":"https:\/\/towercampus.com\/es\/wp-json\/wp\/v2\/pages"}],"about":[{"href":"https:\/\/towercampus.com\/es\/wp-json\/wp\/v2\/types\/page"}],"author":[{"embeddable":true,"href":"https:\/\/towercampus.com\/es\/wp-json\/wp\/v2\/users\/1"}],"replies":[{"embeddable":true,"href":"https:\/\/towercampus.com\/es\/wp-json\/wp\/v2\/comments?post=988"}],"version-history":[{"count":65,"href":"https:\/\/towercampus.com\/es\/wp-json\/wp\/v2\/pages\/988\/revisions"}],"predecessor-version":[{"id":2613,"href":"https:\/\/towercampus.com\/es\/wp-json\/wp\/v2\/pages\/988\/revisions\/2613"}],"wp:attachment":[{"href":"https:\/\/towercampus.com\/es\/wp-json\/wp\/v2\/media?parent=988"}],"curies":[{"name":"wp","href":"https:\/\/api.w.org\/{rel}","templated":true}]}}