{"id":593,"date":"2022-05-23T09:52:38","date_gmt":"2022-05-23T07:52:38","guid":{"rendered":"https:\/\/towercampus.com\/es\/?page_id=593"},"modified":"2022-10-27T11:25:10","modified_gmt":"2022-10-27T09:25:10","slug":"quienes-somos","status":"publish","type":"page","link":"https:\/\/towercampus.com\/es\/quienes-somos\/","title":{"rendered":"Qui\u00e9nes somos"},"content":{"rendered":"\t\t<div data-elementor-type=\"wp-page\" data-elementor-id=\"593\" class=\"elementor elementor-593\" data-elementor-post-type=\"page\">\n\t\t\t\t\t\t<section class=\"elementor-section elementor-top-section elementor-element elementor-element-ac06dea elementor-reverse-tablet elementor-reverse-mobile elementor-section-height-min-height elementor-section-boxed elementor-section-height-default elementor-section-items-middle\" data-id=\"ac06dea\" data-element_type=\"section\">\n\t\t\t\t\t\t<div class=\"elementor-container elementor-column-gap-default\">\n\t\t\t\t\t<div class=\"elementor-column elementor-col-50 elementor-top-column elementor-element elementor-element-1ad9ceb8\" data-id=\"1ad9ceb8\" data-element_type=\"column\">\n\t\t\t<div class=\"elementor-widget-wrap elementor-element-populated\">\n\t\t\t\t\t\t<div class=\"elementor-element elementor-element-5bcd35aa elementor-invisible elementor-widget elementor-widget-image\" data-id=\"5bcd35aa\" data-element_type=\"widget\" data-settings=\"{&quot;_animation&quot;:&quot;fadeIn&quot;}\" data-widget_type=\"image.default\">\n\t\t\t\t<div class=\"elementor-widget-container\">\n\t\t\t\t\t\t\t\t\t\t\t\t\t\t\t<img fetchpriority=\"high\" decoding=\"async\" width=\"800\" height=\"534\" src=\"https:\/\/towercampus.com\/es\/wp-content\/uploads\/2022\/05\/foto-campus-da-lontano.jpg\" class=\"attachment-large size-large wp-image-378\" alt=\"\" srcset=\"https:\/\/towercampus.com\/es\/wp-content\/uploads\/2022\/05\/foto-campus-da-lontano.jpg 1000w, https:\/\/towercampus.com\/es\/wp-content\/uploads\/2022\/05\/foto-campus-da-lontano-300x200.jpg 300w, https:\/\/towercampus.com\/es\/wp-content\/uploads\/2022\/05\/foto-campus-da-lontano-768x512.jpg 768w\" sizes=\"(max-width: 800px) 100vw, 800px\" \/>\t\t\t\t\t\t\t\t\t\t\t\t\t\t\t<\/div>\n\t\t\t\t<\/div>\n\t\t\t\t\t<\/div>\n\t\t<\/div>\n\t\t\t\t<div class=\"elementor-column elementor-col-50 elementor-top-column elementor-element elementor-element-5324a4fb\" data-id=\"5324a4fb\" data-element_type=\"column\">\n\t\t\t<div class=\"elementor-widget-wrap elementor-element-populated\">\n\t\t\t\t\t\t<div class=\"elementor-element elementor-element-8c873da elementor-invisible elementor-widget elementor-widget-heading\" data-id=\"8c873da\" data-element_type=\"widget\" data-settings=\"{&quot;_animation&quot;:&quot;slideInRight&quot;}\" data-widget_type=\"heading.default\">\n\t\t\t\t<div class=\"elementor-widget-container\">\n\t\t\t\t\t<h2 class=\"elementor-heading-title elementor-size-default\">\u00bfQui\u00e9nes somos?<\/h2>\t\t\t\t<\/div>\n\t\t\t\t<\/div>\n\t\t\t\t<div class=\"elementor-element elementor-element-26b46544 elementor-invisible elementor-widget elementor-widget-text-editor\" data-id=\"26b46544\" data-element_type=\"widget\" data-settings=\"{&quot;_animation&quot;:&quot;slideInRight&quot;}\" data-widget_type=\"text-editor.default\">\n\t\t\t\t<div class=\"elementor-widget-container\">\n\t\t\t\t\t\t\t\t\t<p>El Tower Campus es de propiedad de la Sociedad Immobilsassari S.r.l., la cual ha sido constituida en 2010, con la ambici\u00f3n de proporcionar alojamiento a los estudiantes en una instalaci\u00f3n moderna y c\u00f3moda donde poder alojar, vivir y estudiar.<\/p><p>De hecho, desde 2013, la Compa\u00f1\u00eda ha creado el Tower Campus que ofrece: alojamiento de \u00faltima generaci\u00f3n, habitaciones con ba\u00f1o privado y WI-FI; salas comunes para estudiar, comer y, en general, compartir la vida de Forl\u00ec con otros hu\u00e9spedes.<\/p><p>El personal del Tower Campus, adem\u00e1s de estar fuertemente motivado, cuenta con muchos a\u00f1os de experiencia en diferentes sectores y siempre estar\u00e1 disponible para satisfacer todas sus solicitudes.<br \/>Nuestras palabras claves son: profesionalidad, orientaci\u00f3n al cliente y seguridad.<\/p>\t\t\t\t\t\t\t\t<\/div>\n\t\t\t\t<\/div>\n\t\t\t\t\t<\/div>\n\t\t<\/div>\n\t\t\t\t\t<\/div>\n\t\t<\/section>\n\t\t\t\t<section class=\"elementor-section elementor-top-section elementor-element elementor-element-9abb7fa elementor-section-boxed elementor-section-height-default elementor-section-height-default\" data-id=\"9abb7fa\" data-element_type=\"section\">\n\t\t\t\t\t\t<div class=\"elementor-container elementor-column-gap-default\">\n\t\t\t\t\t<div class=\"elementor-column elementor-col-100 elementor-top-column elementor-element elementor-element-be48075\" data-id=\"be48075\" data-element_type=\"column\">\n\t\t\t<div class=\"elementor-widget-wrap elementor-element-populated\">\n\t\t\t\t\t\t<div class=\"elementor-element elementor-element-cabd190 elementor-view-stacked elementor-shape-square e-transform elementor-invisible elementor-widget elementor-widget-icon\" data-id=\"cabd190\" data-element_type=\"widget\" data-settings=\"{&quot;_animation&quot;:&quot;bounceIn&quot;,&quot;_transform_translateY_effect_hover&quot;:{&quot;unit&quot;:&quot;px&quot;,&quot;size&quot;:-5,&quot;sizes&quot;:[]},&quot;_transform_translateX_effect_hover&quot;:{&quot;unit&quot;:&quot;px&quot;,&quot;size&quot;:&quot;&quot;,&quot;sizes&quot;:[]},&quot;_transform_translateX_effect_hover_tablet&quot;:{&quot;unit&quot;:&quot;px&quot;,&quot;size&quot;:&quot;&quot;,&quot;sizes&quot;:[]},&quot;_transform_translateX_effect_hover_mobile&quot;:{&quot;unit&quot;:&quot;px&quot;,&quot;size&quot;:&quot;&quot;,&quot;sizes&quot;:[]},&quot;_transform_translateY_effect_hover_tablet&quot;:{&quot;unit&quot;:&quot;px&quot;,&quot;size&quot;:&quot;&quot;,&quot;sizes&quot;:[]},&quot;_transform_translateY_effect_hover_mobile&quot;:{&quot;unit&quot;:&quot;px&quot;,&quot;size&quot;:&quot;&quot;,&quot;sizes&quot;:[]}}\" data-widget_type=\"icon.default\">\n\t\t\t\t<div class=\"elementor-widget-container\">\n\t\t\t\t\t<!DOCTYPE html PUBLIC \"-\/\/W3C\/\/DTD HTML 4.0 Transitional\/\/EN\" \"http:\/\/www.w3.org\/TR\/REC-html40\/loose.dtd\">\n<html><body><div class=\"elementor-icon-wrapper\">\n\t\t\t<div class=\"elementor-icon\">\n\t\t\t\t\t\t<svg xmlns=\"http:\/\/www.w3.org\/2000\/svg\" id=\"a21fba4f-7517-4715-87d2-3675e31722d4\" data-name=\"Layer 1\" width=\"27\" height=\"27\" viewBox=\"0 0 27 27\"><path d=\"M8.2034,0A13.7214,13.7214,0,0,0,4.6507,3.2374a21.1552,21.1552,0,0,0-3.2943,5.73A19.646,19.646,0,0,0,0,16.3165a15.6686,15.6686,0,0,0,.872,5.2122A10.3971,10.3971,0,0,0,3.23,25.5108,4.382,4.382,0,0,0,6.33,27a3.4679,3.4679,0,0,0,2.5192-.9388,3.482,3.482,0,0,0,.9689-2.6224,3.7116,3.7116,0,0,0-.42-1.8453,13.6679,13.6679,0,0,0-1.3241-1.8453,18.162,18.162,0,0,1-1.8733-2.946,8.1319,8.1319,0,0,1-.6458-3.5288A14.55,14.55,0,0,1,7.0084,6.4748,12.4182,12.4182,0,0,1,10.012,2.46V1.7482L8.2679,0Z\"><\/path><path d=\"M27,2.46V1.7482L25.1914,0h-.0646a13.72,13.72,0,0,0-3.5526,3.2374,21.1552,21.1552,0,0,0-3.2943,5.73,19.646,19.646,0,0,0-1.3564,7.3488,15.6686,15.6686,0,0,0,.872,5.2122,10.3958,10.3958,0,0,0,2.3576,3.9821A4.44,4.44,0,0,0,23.3182,27a3.2884,3.2884,0,0,0,3.488-3.5612,3.7116,3.7116,0,0,0-.42-1.8453,13.6791,13.6791,0,0,0-1.3242-1.8453,14.21,14.21,0,0,1-1.9378-2.9137,8.3545,8.3545,0,0,1-.6459-3.5611,14.2861,14.2861,0,0,1,1.4856-6.7986A12.7542,12.7542,0,0,1,27,2.46Z\"><\/path><\/svg><\/div>\n\t\t<\/div>\n\t\t<\/body><\/html>\n\t\t\t\t<\/div>\n\t\t\t\t<\/div>\n\t\t\t\t<div class=\"elementor-element elementor-element-0e94ca8 elementor-blockquote--skin-clean elementor-blockquote--align-center elementor-blockquote--button-color-official elementor-invisible elementor-widget elementor-widget-blockquote\" data-id=\"0e94ca8\" data-element_type=\"widget\" data-settings=\"{&quot;_animation&quot;:&quot;fadeIn&quot;,&quot;_animation_delay&quot;:300}\" data-widget_type=\"blockquote.default\">\n\t\t\t\t<div class=\"elementor-widget-container\">\n\t\t\t\t\t\t\t<blockquote class=\"elementor-blockquote\">\n\t\t\t<p class=\"elementor-blockquote__content\">\n\t\t\t\tBienvenidos,\n<br>\nhemos realizado para usted una hermosa estructura con diferentes tipos de habitaciones, todas equipadas con ba\u00f1o privado y WI-FI.\n\nEstamos ubicados en Forl\u00ec en la siguiente direcci\u00f3n: Corso della Repubblica 171 \/ B, justo al lado de la Universidad.\n\nHaremos que tu estancia de estudios quedar\u00e1 como un recuerdo encantador.\n\n<br>\nLos esperamos aqu\u00ed,\n\t\t\t<\/p>\n\t\t\t\t\t\t\t<div class=\"e-q-footer\">\n\t\t\t\t\t\t\t\t\t\t\t<cite class=\"elementor-blockquote__author\">El staff del Tower Campus<\/cite>\n\t\t\t\t\t\t\t\t\t\t\t\t\t\t<\/div>\n\t\t\t\t\t<\/blockquote>\n\t\t\t\t\t\t<\/div>\n\t\t\t\t<\/div>\n\t\t\t\t\t<\/div>\n\t\t<\/div>\n\t\t\t\t\t<\/div>\n\t\t<\/section>\n\t\t\t\t<\/div>\n\t\t","protected":false},"excerpt":{"rendered":"<p>\u00bfQui\u00e9nes somos? El Tower Campus es de propiedad de la Sociedad Immobilsassari S.r.l., la cual ha sido constituida en 2010, con la ambici\u00f3n de proporcionar alojamiento a los estudiantes en una instalaci\u00f3n moderna y c\u00f3moda donde poder alojar, vivir y estudiar. De hecho, desde 2013, la Compa\u00f1\u00eda ha creado el Tower Campus que ofrece: alojamiento&#8230;<\/p>\n","protected":false},"author":1,"featured_media":0,"parent":0,"menu_order":0,"comment_status":"closed","ping_status":"closed","template":"elementor_header_footer","meta":{"footnotes":""},"class_list":["post-593","page","type-page","status-publish","hentry"],"_links":{"self":[{"href":"https:\/\/towercampus.com\/es\/wp-json\/wp\/v2\/pages\/593","targetHints":{"allow":["GET"]}}],"collection":[{"href":"https:\/\/towercampus.com\/es\/wp-json\/wp\/v2\/pages"}],"about":[{"href":"https:\/\/towercampus.com\/es\/wp-json\/wp\/v2\/types\/page"}],"author":[{"embeddable":true,"href":"https:\/\/towercampus.com\/es\/wp-json\/wp\/v2\/users\/1"}],"replies":[{"embeddable":true,"href":"https:\/\/towercampus.com\/es\/wp-json\/wp\/v2\/comments?post=593"}],"version-history":[{"count":133,"href":"https:\/\/towercampus.com\/es\/wp-json\/wp\/v2\/pages\/593\/revisions"}],"predecessor-version":[{"id":2551,"href":"https:\/\/towercampus.com\/es\/wp-json\/wp\/v2\/pages\/593\/revisions\/2551"}],"wp:attachment":[{"href":"https:\/\/towercampus.com\/es\/wp-json\/wp\/v2\/media?parent=593"}],"curies":[{"name":"wp","href":"https:\/\/api.w.org\/{rel}","templated":true}]}}