{"id":988,"date":"2022-05-23T16:26:41","date_gmt":"2022-05-23T14:26:41","guid":{"rendered":"https:\/\/towercampus.com\/?page_id=988"},"modified":"2023-09-14T14:18:10","modified_gmt":"2023-09-14T12:18:10","slug":"studentenheimordnung","status":"publish","type":"page","link":"https:\/\/towercampus.com\/de\/studentenheimordnung\/","title":{"rendered":"Studentenheimordnung"},"content":{"rendered":"\t\t<div data-elementor-type=\"wp-page\" data-elementor-id=\"988\" class=\"elementor elementor-988\" data-elementor-post-type=\"page\">\n\t\t\t\t\t\t<section class=\"elementor-section elementor-top-section elementor-element elementor-element-4780bb8 elementor-section-boxed elementor-section-height-default elementor-section-height-default\" data-id=\"4780bb8\" data-element_type=\"section\">\n\t\t\t\t\t\t<div class=\"elementor-container elementor-column-gap-default\">\n\t\t\t\t\t<div class=\"elementor-column elementor-col-100 elementor-top-column elementor-element elementor-element-a2b11b4\" data-id=\"a2b11b4\" data-element_type=\"column\">\n\t\t\t<div class=\"elementor-widget-wrap elementor-element-populated\">\n\t\t\t\t\t\t<div class=\"elementor-element elementor-element-dd74527 elementor-hidden-tablet elementor-hidden-mobile elementor-widget elementor-widget-spacer\" data-id=\"dd74527\" data-element_type=\"widget\" data-widget_type=\"spacer.default\">\n\t\t\t\t<div class=\"elementor-widget-container\">\n\t\t\t\t\t\t\t<div class=\"elementor-spacer\">\n\t\t\t<div class=\"elementor-spacer-inner\"><\/div>\n\t\t<\/div>\n\t\t\t\t\t\t<\/div>\n\t\t\t\t<\/div>\n\t\t\t\t\t<\/div>\n\t\t<\/div>\n\t\t\t\t\t<\/div>\n\t\t<\/section>\n\t\t\t\t<section class=\"elementor-section elementor-top-section elementor-element elementor-element-64a97fa elementor-section-boxed elementor-section-height-default elementor-section-height-default\" data-id=\"64a97fa\" data-element_type=\"section\">\n\t\t\t\t\t\t<div class=\"elementor-container elementor-column-gap-default\">\n\t\t\t\t\t<div class=\"elementor-column elementor-col-100 elementor-top-column elementor-element elementor-element-ae00fee\" data-id=\"ae00fee\" data-element_type=\"column\">\n\t\t\t<div class=\"elementor-widget-wrap elementor-element-populated\">\n\t\t\t\t\t\t<div class=\"elementor-element elementor-element-e340179 elementor-invisible elementor-widget elementor-widget-heading\" data-id=\"e340179\" data-element_type=\"widget\" data-settings=\"{&quot;_animation&quot;:&quot;slideInRight&quot;}\" data-widget_type=\"heading.default\">\n\t\t\t\t<div class=\"elementor-widget-container\">\n\t\t\t\t\t<h3 class=\"elementor-heading-title elementor-size-default\">Art. 1 | Bedingungen f\u00fcr den Zugang zum Tower Campus<\/h3>\t\t\t\t<\/div>\n\t\t\t\t<\/div>\n\t\t\t\t<div class=\"elementor-element elementor-element-265c801 elementor-invisible elementor-widget elementor-widget-text-editor\" data-id=\"265c801\" data-element_type=\"widget\" data-settings=\"{&quot;_animation&quot;:&quot;fadeIn&quot;,&quot;_animation_delay&quot;:800}\" data-widget_type=\"text-editor.default\">\n\t\t\t\t<div class=\"elementor-widget-container\">\n\t\t\t\t\t\t\t\t\t<ol>\n \t<li>Jugendliche, Studenten, Arbeiter, Teilnehmer an internationalen Projekten der Universit\u00e4t von Forl\u00ec, Empf\u00e4nger eines Stipendiums, Forscher und Professoren k\u00f6nnen bei unserem Tower Campus \u00fcbernachten.\n<\/li>\n<\/ol>\t\t\t\t\t\t\t\t<\/div>\n\t\t\t\t<\/div>\n\t\t\t\t\t<\/div>\n\t\t<\/div>\n\t\t\t\t\t<\/div>\n\t\t<\/section>\n\t\t\t\t<section class=\"elementor-section elementor-top-section elementor-element elementor-element-1fdf7df elementor-section-boxed elementor-section-height-default elementor-section-height-default\" data-id=\"1fdf7df\" data-element_type=\"section\">\n\t\t\t\t\t\t<div class=\"elementor-container elementor-column-gap-default\">\n\t\t\t\t\t<div class=\"elementor-column elementor-col-100 elementor-top-column elementor-element elementor-element-d836a33\" data-id=\"d836a33\" data-element_type=\"column\">\n\t\t\t<div class=\"elementor-widget-wrap elementor-element-populated\">\n\t\t\t\t\t\t<div class=\"elementor-element elementor-element-c695d20 elementor-invisible elementor-widget elementor-widget-heading\" data-id=\"c695d20\" data-element_type=\"widget\" data-settings=\"{&quot;_animation&quot;:&quot;slideInRight&quot;}\" data-widget_type=\"heading.default\">\n\t\t\t\t<div class=\"elementor-widget-container\">\n\t\t\t\t\t<h3 class=\"elementor-heading-title elementor-size-default\">Art. 2 | \u00dcbergabe des vermieteten Zimmers\n<\/h3>\t\t\t\t<\/div>\n\t\t\t\t<\/div>\n\t\t\t\t<div class=\"elementor-element elementor-element-d434859 elementor-invisible elementor-widget elementor-widget-text-editor\" data-id=\"d434859\" data-element_type=\"widget\" data-settings=\"{&quot;_animation&quot;:&quot;fadeIn&quot;,&quot;_animation_delay&quot;:800}\" data-widget_type=\"text-editor.default\">\n\t\t\t\t<div class=\"elementor-widget-container\">\n\t\t\t\t\t\t\t\t\t<ol>\n \t<li>Der Mieter bekommt ein Zimmer komplett mit Einrichtung und Ausstattung und ist f\u00fcr dessen Reinigung und Integrit\u00e4t verantwortlich.\n<\/li>\n \t<li>Der Mieter bekommt eine Magnetkarte\/einen Schl\u00fcssel, um in das Zimmer einzutreten. Im Fall von Diebstahl oder Verlust der Magnetkarte\/des Schl\u00fcssels, ist der Mieter verpflichtet, der Rezeption eine Verlusterkl\u00e4rung bzw. eine Diebstahlsanzeige zu \u00fcbermitteln und die Kosten f\u00fcr die Duplikation zu \u00fcbernehmen (\u20ac \u2026. f\u00fcr die Magnetkarte und \u20ac \u2026.\u2026 f\u00fcr die Schl\u00fcssel, einschlie\u00dflich der Kosten f\u00fcr den Ersatz des Schlosses).  Dieselben Kosten sind im Fall einer Besch\u00e4digung der Magnetkarte\/des Schl\u00fcssels zu \u00fcbernehmen, wenn diese deren weitere Benutzung unm\u00f6glich macht.\n<\/li>\n<\/ol>\t\t\t\t\t\t\t\t<\/div>\n\t\t\t\t<\/div>\n\t\t\t\t\t<\/div>\n\t\t<\/div>\n\t\t\t\t\t<\/div>\n\t\t<\/section>\n\t\t\t\t<section class=\"elementor-section elementor-top-section elementor-element elementor-element-4cadcd7 elementor-section-boxed elementor-section-height-default elementor-section-height-default\" data-id=\"4cadcd7\" data-element_type=\"section\">\n\t\t\t\t\t\t<div class=\"elementor-container elementor-column-gap-default\">\n\t\t\t\t\t<div class=\"elementor-column elementor-col-100 elementor-top-column elementor-element elementor-element-d069917\" data-id=\"d069917\" data-element_type=\"column\">\n\t\t\t<div class=\"elementor-widget-wrap elementor-element-populated\">\n\t\t\t\t\t\t<div class=\"elementor-element elementor-element-b9e9224 elementor-invisible elementor-widget elementor-widget-heading\" data-id=\"b9e9224\" data-element_type=\"widget\" data-settings=\"{&quot;_animation&quot;:&quot;slideInRight&quot;}\" data-widget_type=\"heading.default\">\n\t\t\t\t<div class=\"elementor-widget-container\">\n\t\t\t\t\t<h3 class=\"elementor-heading-title elementor-size-default\">Art. 3 | Nutzung des gemieteten Zimmers\n<\/h3>\t\t\t\t<\/div>\n\t\t\t\t<\/div>\n\t\t\t\t<div class=\"elementor-element elementor-element-3728d8b elementor-invisible elementor-widget elementor-widget-text-editor\" data-id=\"3728d8b\" data-element_type=\"widget\" data-settings=\"{&quot;_animation&quot;:&quot;fadeIn&quot;,&quot;_animation_delay&quot;:800}\" data-widget_type=\"text-editor.default\">\n\t\t\t\t<div class=\"elementor-widget-container\">\n\t\t\t\t\t\t\t\t\t<ol>\n \t<li>Der Mieter ist verpflichtet, sich korrekt zu verhalten und die anderen Mieter bzw. Dritte nicht zu st\u00f6ren. Dar\u00fcber hinaus ist sie\/er verpflichtet, etwaige Besch\u00e4digungen im gemieteten Zimmer oder in den gemeinsamen R\u00e4umlichkeiten zu melden.<\/li>\n \t<li>Der Mieter ist verpflichtet, die notwendigen Ma\u00dfnahmen zu treffen, um Diebst\u00e4hle, Br\u00e4nde und sonstige Gefahren f\u00fcr sich selbst oder f\u00fcr Dritte zu vermeiden. Der Vermieter \u00fcbernimmt keine Verantwortung f\u00fcr den Diebstahl von pers\u00f6nlichen Gegenst\u00e4nden und f\u00fcr Sch\u00e4den, die durch Dritte verursacht wurden.<\/li>\n \t<li>Der Mieter muss das Zimmer in einem guten Zustand bewahren und ordentlich reinigen.<\/li>\n \t<li>Dar\u00fcber hinaus ist der Mieter mitverantwortlich f\u00fcr die Integrit\u00e4t und die Reinigung der gemeinsamen R\u00e4umlichkeiten.<\/li>\n \t<li>Im Fall von Wartungsarbeiten muss der Mieter den vom Vermieter beauftragten Fachpersonal Zugang zum Zimmer gestatten.<\/li>\n \t<li>Der Mieter muss die Hausordnung einhalten.<\/li>\n \t<li>Werden in den K\u00fcchen oder Gemeinschaftsr\u00e4umen verunreinigte Lebensmittel oder abgelegte Kleidung gefunden, werden diese entfernt und nicht zur\u00fcckgegeben.<\/li>\n<li>der Mieter ist verpflichtet, die Maske gem\u00e4\u00df DPCM vom 02\/03\/2021 in den Gemeinschaftsr\u00e4umen au\u00dferhalb seines Zimmers zu benutzen<\/li>\n<\/ol>\t\t\t\t\t\t\t\t<\/div>\n\t\t\t\t<\/div>\n\t\t\t\t\t<\/div>\n\t\t<\/div>\n\t\t\t\t\t<\/div>\n\t\t<\/section>\n\t\t\t\t<section class=\"elementor-section elementor-top-section elementor-element elementor-element-acfa225 elementor-section-boxed elementor-section-height-default elementor-section-height-default\" data-id=\"acfa225\" data-element_type=\"section\">\n\t\t\t\t\t\t<div class=\"elementor-container elementor-column-gap-default\">\n\t\t\t\t\t<div class=\"elementor-column elementor-col-100 elementor-top-column elementor-element elementor-element-ef4e9f2\" data-id=\"ef4e9f2\" data-element_type=\"column\">\n\t\t\t<div class=\"elementor-widget-wrap elementor-element-populated\">\n\t\t\t\t\t\t<div class=\"elementor-element elementor-element-b5b751e elementor-invisible elementor-widget elementor-widget-heading\" data-id=\"b5b751e\" data-element_type=\"widget\" data-settings=\"{&quot;_animation&quot;:&quot;slideInRight&quot;}\" data-widget_type=\"heading.default\">\n\t\t\t\t<div class=\"elementor-widget-container\">\n\t\t\t\t\t<h3 class=\"elementor-heading-title elementor-size-default\">Art. 4 | Zimmerkontrollen\n<\/h3>\t\t\t\t<\/div>\n\t\t\t\t<\/div>\n\t\t\t\t<div class=\"elementor-element elementor-element-9446c99 elementor-invisible elementor-widget elementor-widget-text-editor\" data-id=\"9446c99\" data-element_type=\"widget\" data-settings=\"{&quot;_animation&quot;:&quot;fadeIn&quot;,&quot;_animation_delay&quot;:800}\" data-widget_type=\"text-editor.default\">\n\t\t\t\t<div class=\"elementor-widget-container\">\n\t\t\t\t\t\t\t\t\t<ol>\n \t<li>Ohne vorherige Ank\u00fcndigung kann das beauftragte Personal zwischen 9:00-12:00 Uhr und 14:00-18:00 Uhr Kontrollen durchf\u00fchren, um den allgemeinen Zustand der Zimmer und Gemeinschaftsr\u00e4ume gem\u00e4\u00df der Tower Campus-Ordnung zu \u00fcberpr\u00fcfen. Falls der Mieter bei der Kontrolle nicht anwesend ist, hinterl\u00e4sst das Personal, dem ein Duplikat des Schl\u00fcssels zur Verf\u00fcgung steht, ein Formular mit der Bewertung im Zimmer. Im Fall einer negativen Bewertung findet innerhalb von 7 Tagen eine au\u00dferordentliche Kontrolle statt. Es besteht die M\u00f6glichkeit, dass auch weitere Kontrollen erfolgen.\n<\/li>\n \t<li>Bei Vertragsende oder h\u00f6chstens 48 Stunden danach wird eine detaillierte Kontrolle des Zimmers durchgef\u00fchrt. Wenn alles in Ordnung ist, bekommt der Mieter die Kaution zur\u00fcck, wie in Artikel 3 erl\u00e4utert. Bei unzureichenden Verh\u00e4ltnissen werden die entstehenden Kosten f\u00fcr die Reparaturarbeiten oder f\u00fcr den Reinigungsdienst von der Kaution abgezogen. Wenn der Betrag die Kaution \u00fcberschreitet, wird der Mieter dazu aufgefordert, den Betrag binnen 10 Tage nach Erhalt der Aufforderung zu bezahlen.<\/li>\n \t<li>In schwerwiegenden oder bei Notwendigkeit kann das beauftragte Personal das Zimmer betreten.<\/li>\n \t<li>Mit der Unterschrift des vorliegenden Vertrags gestattet der Mieter den Zugang aller Beauftragten von Seiten des Vermieters, damit die oben genannten Kontrollen durchgef\u00fchrt werden k\u00f6nnen.<\/li>\n<\/ol>\t\t\t\t\t\t\t\t<\/div>\n\t\t\t\t<\/div>\n\t\t\t\t\t<\/div>\n\t\t<\/div>\n\t\t\t\t\t<\/div>\n\t\t<\/section>\n\t\t\t\t<section class=\"elementor-section elementor-top-section elementor-element elementor-element-b049395 elementor-section-boxed elementor-section-height-default elementor-section-height-default\" data-id=\"b049395\" data-element_type=\"section\">\n\t\t\t\t\t\t<div class=\"elementor-container elementor-column-gap-default\">\n\t\t\t\t\t<div class=\"elementor-column elementor-col-100 elementor-top-column elementor-element elementor-element-06dbc78\" data-id=\"06dbc78\" data-element_type=\"column\">\n\t\t\t<div class=\"elementor-widget-wrap elementor-element-populated\">\n\t\t\t\t\t\t<div class=\"elementor-element elementor-element-e31918a elementor-invisible elementor-widget elementor-widget-heading\" data-id=\"e31918a\" data-element_type=\"widget\" data-settings=\"{&quot;_animation&quot;:&quot;slideInRight&quot;}\" data-widget_type=\"heading.default\">\n\t\t\t\t<div class=\"elementor-widget-container\">\n\t\t\t\t\t<h3 class=\"elementor-heading-title elementor-size-default\">Art. 5 | Verbote\n<\/h3>\t\t\t\t<\/div>\n\t\t\t\t<\/div>\n\t\t\t\t<div class=\"elementor-element elementor-element-7c965b3 elementor-invisible elementor-widget elementor-widget-text-editor\" data-id=\"7c965b3\" data-element_type=\"widget\" data-settings=\"{&quot;_animation&quot;:&quot;fadeIn&quot;,&quot;_animation_delay&quot;:800}\" data-widget_type=\"text-editor.default\">\n\t\t\t\t<div class=\"elementor-widget-container\">\n\t\t\t\t\t\t\t\t\tEs ist strengstens verboten:\n<ol>\n \t<li>andere Personen in das Zimmer aufzunehmen;<\/li>\n \t<li>andere Personen, die nicht im Tower Campus wohnen, zwischen 23.00 und 8.00 Uhr \u00fcbernachten zu lassen;<\/li>\n \t<li>die anderen G\u00e4ste zu st\u00f6ren und ein respektloses Verhalten zu zeigen. U.a. soll jede Art von L\u00e4rm vor 8.00 Uhr und nach 23.00 Uhr vermieden werden;<\/li>\n \t<li>die Gemeinschaftsr\u00e4ume oder die Ausstattung zum privaten Gebrauch zu benutzen;<\/li>\n \t<li>M\u00f6bel oder andere Ger\u00e4te zu entfernen, einzuf\u00fchren oder zu verschieben, sowohl in den Zimmern als auch in den Gemeinschaftsr\u00e4umen, es sei denn, dass davor eine Erlaubnis eingeholt wird;<\/li>\n \t<li>in den R\u00e4umen zu rauchen;<\/li>\n \t<li>Zus\u00e4tzliche Kabel oder Steckdosen zu installieren und jegliche Ver\u00e4nderungen daran vorzunehmen. Ungeeignete Mehrfachstecker d\u00fcrfen nicht verwendet werden;<\/li>\n \t<li>Jede Art von Kochplatten, Klimaanlagen oder Haushaltsger\u00e4ten in den Zimmern zu benutzen, au\u00dfer kleinen Ger\u00e4ten zur K\u00f6rperpflege;<\/li>\n \t<li>Lebensmittel und Getr\u00e4nke im Zimmer zu kochen oder zu erw\u00e4rmen;<\/li>\n \t<li>W\u00e4nde, T\u00fcren und Einrichtungsgegenst\u00e4nde mit N\u00e4geln, Beschriftungen oder \u00c4hnlichem zu versehen;<\/li>\n \t<li>Haustiere im Zimmer oder in den \u00e4u\u00dferen Bereichen des Geb\u00e4udes zu halten;<\/li>\n \t<li>Entflammbare Materialien und radioaktive Substanzen im Zimmer und in den Gemeinschaftsr\u00e4umen aufzubewahren;<\/li>\n \t<li>Jede Art von Waffen zu besitzen;<\/li>\n \t<li>Suchtmittel in das Geb\u00e4ude einzuf\u00fchren;<\/li>\n \t<li>Materialien, die zur Verstopfung der Toilette f\u00fchren k\u00f6nnen, in die WC-Abz\u00fcge zu werfen;<\/li>\n \t<li>Irgendwelche Gegenst\u00e4nde auf die Terrasse oder Fensterbretter zu stellen, die eine Gefahr f\u00fcr die Fu\u00dfg\u00e4nger darstellen oder deren Besitz von der geltenden Gemeindeordnung verboten ist;<\/li>\n \t<li>Den M\u00fcll au\u00dferhalb der f\u00fcr die M\u00fclltrennung vorgesehenen Container zu werfen;<\/li>\n \t<li>Zigarettenstummel oder irgendwelche Gegenst\u00e4nde aus dem Fester oder von der Terrasse zu werfen;<\/li>\n \t<li>Reparaturarbeiten durchzuf\u00fchren oder zu beauftragen;<\/li>\n \t<li>Autos, Motorr\u00e4der oder Fahrr\u00e4der au\u00dferhalb der vorgesehenen Pl\u00e4tzen zu parken;<\/li>\n \t<li>Kerzen oder Teelichter zu besitzen.<\/li>\n<li>die Kleidung vor das Fenster h\u00e4ngen;<\/li>\n<li>die Verwendung von W\u00e4scheleinen in Zimmern oder Gemeinschaftsr\u00e4umen<\/li>\n<li>das Abstellen von Fahrr\u00e4dern in den Abstellr\u00e4umen \u00fcber die Vertragslaufzeit hinaus;<\/li>\n<li>die Sensoren aus dem Feuermelder entfernen, die Batterie herausnehmen, die Sensoren anbringen oder mit Fremdk\u00f6rpern abdecken.<\/li>\n<\/ol>\t\t\t\t\t\t\t\t<\/div>\n\t\t\t\t<\/div>\n\t\t\t\t\t<\/div>\n\t\t<\/div>\n\t\t\t\t\t<\/div>\n\t\t<\/section>\n\t\t\t\t<section class=\"elementor-section elementor-top-section elementor-element elementor-element-b7c0e8e elementor-section-boxed elementor-section-height-default elementor-section-height-default\" data-id=\"b7c0e8e\" data-element_type=\"section\">\n\t\t\t\t\t\t<div class=\"elementor-container elementor-column-gap-default\">\n\t\t\t\t\t<div class=\"elementor-column elementor-col-100 elementor-top-column elementor-element elementor-element-c5e94fa\" data-id=\"c5e94fa\" data-element_type=\"column\">\n\t\t\t<div class=\"elementor-widget-wrap elementor-element-populated\">\n\t\t\t\t\t\t<div class=\"elementor-element elementor-element-a9ac6bb elementor-invisible elementor-widget elementor-widget-heading\" data-id=\"a9ac6bb\" data-element_type=\"widget\" data-settings=\"{&quot;_animation&quot;:&quot;slideInRight&quot;}\" data-widget_type=\"heading.default\">\n\t\t\t\t<div class=\"elementor-widget-container\">\n\t\t\t\t\t<h3 class=\"elementor-heading-title elementor-size-default\">Art. 6 | Externe Personen\n<\/h3>\t\t\t\t<\/div>\n\t\t\t\t<\/div>\n\t\t\t\t<div class=\"elementor-element elementor-element-f73edb3 elementor-invisible elementor-widget elementor-widget-text-editor\" data-id=\"f73edb3\" data-element_type=\"widget\" data-settings=\"{&quot;_animation&quot;:&quot;fadeIn&quot;,&quot;_animation_delay&quot;:800}\" data-widget_type=\"text-editor.default\">\n\t\t\t\t<div class=\"elementor-widget-container\">\n\t\t\t\t\t\t\t\t\t<ol><li>Mieter k\u00f6nnen unter eigener Verantwortung G\u00e4ste zwischen 9:00 Uhr und 23:00 Uhr aufnehmen (trotzdem nicht durchgehend), insofern dies keine St\u00f6rung f\u00fcr die anderen G\u00e4ste darstellt.<\/li><li>Nach 23:00 Uhr wird ein Betrag von 50,00 \u20ac f\u00fcr die \u00dcbernachtung des Gastes berechnet. F\u00fcr den Fall, dass der Mieter eine Person f\u00fcr eine oder mehrere N\u00e4chte unterbringen muss, muss der Mieter mindestens 2 Tage im Voraus den Concierge fragen. Der Concierge wird die M\u00f6glichkeit pr\u00fcfen und bei Bedarf ein Bett in das gemietete Zimmer stellen. Die Kosten daf\u00fcr betragen 35,00 \u20ac pro Nacht.<\/li><li>Die G\u00e4ste m\u00fcssen einen g\u00fcltigen Ausweis beim Concierge hinterlegen, der ihnen am Ende des Besuchs zur\u00fcckgegeben wird.<\/li><\/ol>\t\t\t\t\t\t\t\t<\/div>\n\t\t\t\t<\/div>\n\t\t\t\t\t<\/div>\n\t\t<\/div>\n\t\t\t\t\t<\/div>\n\t\t<\/section>\n\t\t\t\t<section class=\"elementor-section elementor-top-section elementor-element elementor-element-b9baf52 elementor-section-boxed elementor-section-height-default elementor-section-height-default\" data-id=\"b9baf52\" data-element_type=\"section\">\n\t\t\t\t\t\t<div class=\"elementor-container elementor-column-gap-default\">\n\t\t\t\t\t<div class=\"elementor-column elementor-col-100 elementor-top-column elementor-element elementor-element-5e9bae1\" data-id=\"5e9bae1\" data-element_type=\"column\">\n\t\t\t<div class=\"elementor-widget-wrap elementor-element-populated\">\n\t\t\t\t\t\t<div class=\"elementor-element elementor-element-eb95241 elementor-invisible elementor-widget elementor-widget-heading\" data-id=\"eb95241\" data-element_type=\"widget\" data-settings=\"{&quot;_animation&quot;:&quot;slideInRight&quot;}\" data-widget_type=\"heading.default\">\n\t\t\t\t<div class=\"elementor-widget-container\">\n\t\t\t\t\t<h3 class=\"elementor-heading-title elementor-size-default\">Art. 7 | Finanzielle Haftung\n<\/h3>\t\t\t\t<\/div>\n\t\t\t\t<\/div>\n\t\t\t\t<div class=\"elementor-element elementor-element-9134c84 elementor-invisible elementor-widget elementor-widget-text-editor\" data-id=\"9134c84\" data-element_type=\"widget\" data-settings=\"{&quot;_animation&quot;:&quot;fadeIn&quot;,&quot;_animation_delay&quot;:800}\" data-widget_type=\"text-editor.default\">\n\t\t\t\t<div class=\"elementor-widget-container\">\n\t\t\t\t\t\t\t\t\t<ol>\n \t<li>Im Fall von Sch\u00e4den, die nicht auf den normalen Gebrauch zur\u00fcckzuf\u00fchren sind, oder wenn au\u00dferordentliche Reparaturarbeiten n\u00f6tig sind, m\u00fcssen die G\u00e4ste die besch\u00e4digten Gegenst\u00e4nde und Arbeitsleistungen selbst bezahlen.<\/li>\n \t<li>Wenn Sie sich au\u00dferhalb der \u00d6ffnungszeiten des Concierge-Service oder an Feiertagen aus Ihrem Zimmer ausgesperrt haben, betragen die Kosten f\u00fcr den Anruf und die Wieder\u00f6ffnung des Zimmers 20,00 \u20ac (zwanzig\/00).<\/li>\n \t<li>Wird der Feueralarm im Zimmer ausgel\u00f6st, weil eines der oben genannten Verbote nicht beachtet wurde, muss der Mieter eine Geldstrafe von 150,00 \u20ac (einhundertf\u00fcnfzig\/00) zahlen.<\/li>\n<\/ol>\t\t\t\t\t\t\t\t<\/div>\n\t\t\t\t<\/div>\n\t\t\t\t\t<\/div>\n\t\t<\/div>\n\t\t\t\t\t<\/div>\n\t\t<\/section>\n\t\t\t\t<section class=\"elementor-section elementor-top-section elementor-element elementor-element-e0ff570 elementor-section-boxed elementor-section-height-default elementor-section-height-default\" data-id=\"e0ff570\" data-element_type=\"section\">\n\t\t\t\t\t\t<div class=\"elementor-container elementor-column-gap-default\">\n\t\t\t\t\t<div class=\"elementor-column elementor-col-100 elementor-top-column elementor-element elementor-element-3dade05\" data-id=\"3dade05\" data-element_type=\"column\">\n\t\t\t<div class=\"elementor-widget-wrap elementor-element-populated\">\n\t\t\t\t\t\t<div class=\"elementor-element elementor-element-bb1b8ac elementor-invisible elementor-widget elementor-widget-heading\" data-id=\"bb1b8ac\" data-element_type=\"widget\" data-settings=\"{&quot;_animation&quot;:&quot;slideInRight&quot;}\" data-widget_type=\"heading.default\">\n\t\t\t\t<div class=\"elementor-widget-container\">\n\t\t\t\t\t<h3 class=\"elementor-heading-title elementor-size-default\">Art. 8 | M\u00fclltrennung\n<\/h3>\t\t\t\t<\/div>\n\t\t\t\t<\/div>\n\t\t\t\t<div class=\"elementor-element elementor-element-3b17997 elementor-invisible elementor-widget elementor-widget-text-editor\" data-id=\"3b17997\" data-element_type=\"widget\" data-settings=\"{&quot;_animation&quot;:&quot;fadeIn&quot;,&quot;_animation_delay&quot;:800}\" data-widget_type=\"text-editor.default\">\n\t\t\t\t<div class=\"elementor-widget-container\">\n\t\t\t\t\t\t\t\t\tEs besteht die Pflicht f\u00fcr alle G\u00e4ste, sich an der M\u00fclltrennung gem\u00e4\u00df den geltenden Gesetzen der Gemeinde von Forl\u00ec zu beteiligen.\n\t\t\t\t\t\t\t\t<\/div>\n\t\t\t\t<\/div>\n\t\t\t\t\t<\/div>\n\t\t<\/div>\n\t\t\t\t\t<\/div>\n\t\t<\/section>\n\t\t\t\t<section class=\"elementor-section elementor-top-section elementor-element elementor-element-86fdf88 elementor-section-boxed elementor-section-height-default elementor-section-height-default\" data-id=\"86fdf88\" data-element_type=\"section\">\n\t\t\t\t\t\t<div class=\"elementor-container elementor-column-gap-default\">\n\t\t\t\t\t<div class=\"elementor-column elementor-col-100 elementor-top-column elementor-element elementor-element-a9e0e7a\" data-id=\"a9e0e7a\" data-element_type=\"column\">\n\t\t\t<div class=\"elementor-widget-wrap elementor-element-populated\">\n\t\t\t\t\t\t<div class=\"elementor-element elementor-element-2996540 elementor-invisible elementor-widget elementor-widget-heading\" data-id=\"2996540\" data-element_type=\"widget\" data-settings=\"{&quot;_animation&quot;:&quot;slideInRight&quot;}\" data-widget_type=\"heading.default\">\n\t\t\t\t<div class=\"elementor-widget-container\">\n\t\t\t\t\t<h3 class=\"elementor-heading-title elementor-size-default\">Art. 9 | Ausdr\u00fcckliche Aufhebungsklausel\n<\/h3>\t\t\t\t<\/div>\n\t\t\t\t<\/div>\n\t\t\t\t<div class=\"elementor-element elementor-element-4cfc0d9 elementor-invisible elementor-widget elementor-widget-text-editor\" data-id=\"4cfc0d9\" data-element_type=\"widget\" data-settings=\"{&quot;_animation&quot;:&quot;fadeIn&quot;,&quot;_animation_delay&quot;:800}\" data-widget_type=\"text-editor.default\">\n\t\t\t\t<div class=\"elementor-widget-container\">\n\t\t\t\t\t\t\t\t\tJeder Versto\u00df gegen die Hausordnung bringt die sofortige Aufhebung des vorliegenden Vertrages.\n\t\t\t\t\t\t\t\t<\/div>\n\t\t\t\t<\/div>\n\t\t\t\t\t<\/div>\n\t\t<\/div>\n\t\t\t\t\t<\/div>\n\t\t<\/section>\n\t\t\t\t<\/div>\n\t\t","protected":false},"excerpt":{"rendered":"<p>Art. 1 | Bedingungen f\u00fcr den Zugang zum Tower Campus Jugendliche, Studenten, Arbeiter, Teilnehmer an internationalen Projekten der Universit\u00e4t von Forl\u00ec, Empf\u00e4nger eines Stipendiums, Forscher und Professoren k\u00f6nnen bei unserem Tower Campus \u00fcbernachten. Art. 2 | \u00dcbergabe des vermieteten Zimmers Der Mieter bekommt ein Zimmer komplett mit Einrichtung und Ausstattung und ist f\u00fcr dessen Reinigung&#8230;<\/p>\n","protected":false},"author":1,"featured_media":0,"parent":0,"menu_order":0,"comment_status":"closed","ping_status":"closed","template":"elementor_header_footer","meta":{"footnotes":""},"class_list":["post-988","page","type-page","status-publish","hentry"],"_links":{"self":[{"href":"https:\/\/towercampus.com\/de\/wp-json\/wp\/v2\/pages\/988","targetHints":{"allow":["GET"]}}],"collection":[{"href":"https:\/\/towercampus.com\/de\/wp-json\/wp\/v2\/pages"}],"about":[{"href":"https:\/\/towercampus.com\/de\/wp-json\/wp\/v2\/types\/page"}],"author":[{"embeddable":true,"href":"https:\/\/towercampus.com\/de\/wp-json\/wp\/v2\/users\/1"}],"replies":[{"embeddable":true,"href":"https:\/\/towercampus.com\/de\/wp-json\/wp\/v2\/comments?post=988"}],"version-history":[{"count":77,"href":"https:\/\/towercampus.com\/de\/wp-json\/wp\/v2\/pages\/988\/revisions"}],"predecessor-version":[{"id":2582,"href":"https:\/\/towercampus.com\/de\/wp-json\/wp\/v2\/pages\/988\/revisions\/2582"}],"wp:attachment":[{"href":"https:\/\/towercampus.com\/de\/wp-json\/wp\/v2\/media?parent=988"}],"curies":[{"name":"wp","href":"https:\/\/api.w.org\/{rel}","templated":true}]}}