{"id":593,"date":"2022-05-23T09:52:38","date_gmt":"2022-05-23T07:52:38","guid":{"rendered":"https:\/\/towercampus.com\/?page_id=593"},"modified":"2022-10-11T12:04:57","modified_gmt":"2022-10-11T10:04:57","slug":"ueber-uns","status":"publish","type":"page","link":"https:\/\/towercampus.com\/de\/ueber-uns\/","title":{"rendered":"\u00dcber uns"},"content":{"rendered":"\t\t<div data-elementor-type=\"wp-page\" data-elementor-id=\"593\" class=\"elementor elementor-593\" data-elementor-post-type=\"page\">\n\t\t\t\t\t\t<section class=\"elementor-section elementor-top-section elementor-element elementor-element-ac06dea elementor-reverse-tablet elementor-reverse-mobile elementor-section-height-min-height elementor-section-boxed elementor-section-height-default elementor-section-items-middle\" data-id=\"ac06dea\" data-element_type=\"section\">\n\t\t\t\t\t\t<div class=\"elementor-container elementor-column-gap-default\">\n\t\t\t\t\t<div class=\"elementor-column elementor-col-50 elementor-top-column elementor-element elementor-element-1ad9ceb8\" data-id=\"1ad9ceb8\" data-element_type=\"column\">\n\t\t\t<div class=\"elementor-widget-wrap elementor-element-populated\">\n\t\t\t\t\t\t<div class=\"elementor-element elementor-element-5bcd35aa elementor-invisible elementor-widget elementor-widget-image\" data-id=\"5bcd35aa\" data-element_type=\"widget\" data-settings=\"{&quot;_animation&quot;:&quot;fadeIn&quot;}\" data-widget_type=\"image.default\">\n\t\t\t\t<div class=\"elementor-widget-container\">\n\t\t\t\t\t\t\t\t\t\t\t\t\t\t\t<img fetchpriority=\"high\" decoding=\"async\" width=\"800\" height=\"534\" src=\"https:\/\/towercampus.com\/de\/wp-content\/uploads\/2022\/05\/foto-campus-da-lontano.jpg\" class=\"attachment-large size-large wp-image-378\" alt=\"\" srcset=\"https:\/\/towercampus.com\/de\/wp-content\/uploads\/2022\/05\/foto-campus-da-lontano.jpg 1000w, https:\/\/towercampus.com\/de\/wp-content\/uploads\/2022\/05\/foto-campus-da-lontano-300x200.jpg 300w, https:\/\/towercampus.com\/de\/wp-content\/uploads\/2022\/05\/foto-campus-da-lontano-768x512.jpg 768w\" sizes=\"(max-width: 800px) 100vw, 800px\" \/>\t\t\t\t\t\t\t\t\t\t\t\t\t\t\t<\/div>\n\t\t\t\t<\/div>\n\t\t\t\t\t<\/div>\n\t\t<\/div>\n\t\t\t\t<div class=\"elementor-column elementor-col-50 elementor-top-column elementor-element elementor-element-5324a4fb\" data-id=\"5324a4fb\" data-element_type=\"column\">\n\t\t\t<div class=\"elementor-widget-wrap elementor-element-populated\">\n\t\t\t\t\t\t<div class=\"elementor-element elementor-element-8c873da elementor-invisible elementor-widget elementor-widget-heading\" data-id=\"8c873da\" data-element_type=\"widget\" data-settings=\"{&quot;_animation&quot;:&quot;slideInRight&quot;}\" data-widget_type=\"heading.default\">\n\t\t\t\t<div class=\"elementor-widget-container\">\n\t\t\t\t\t<h2 class=\"elementor-heading-title elementor-size-default\">\u00dcber uns<\/h2>\t\t\t\t<\/div>\n\t\t\t\t<\/div>\n\t\t\t\t<div class=\"elementor-element elementor-element-26b46544 elementor-invisible elementor-widget elementor-widget-text-editor\" data-id=\"26b46544\" data-element_type=\"widget\" data-settings=\"{&quot;_animation&quot;:&quot;slideInRight&quot;}\" data-widget_type=\"text-editor.default\">\n\t\t\t\t<div class=\"elementor-widget-container\">\n\t\t\t\t\t\t\t\t\t<p>Im Jahr 2013 hat Immobilsassari S.r.l. den innovative Tower Campus gegr\u00fcndet. Hier sind alle Zimmer mit Bad und Wifi ausgestattet. Au\u00dferdem finden Sie Gemeinschaftsr\u00e4ume, wo Sie studieren, essen, oder einfach Zeit mit anderen G\u00e4sten verbringen k\u00f6nnen.<\/p><p>Das Team vom Tower Campus ist hoch motiviert und hat eine lebenslange Erfahrung im Bereich des Bau-und Wohnungswesens und der Hotellerie.<\/p><p>Professionalit\u00e4t, kundenorientierte Aufmerksamkeit und Sicherheit: das sind unsere Stichw\u00f6rter.<\/p>\t\t\t\t\t\t\t\t<\/div>\n\t\t\t\t<\/div>\n\t\t\t\t\t<\/div>\n\t\t<\/div>\n\t\t\t\t\t<\/div>\n\t\t<\/section>\n\t\t\t\t<section class=\"elementor-section elementor-top-section elementor-element elementor-element-9abb7fa elementor-section-boxed elementor-section-height-default elementor-section-height-default\" data-id=\"9abb7fa\" data-element_type=\"section\">\n\t\t\t\t\t\t<div class=\"elementor-container elementor-column-gap-default\">\n\t\t\t\t\t<div class=\"elementor-column elementor-col-100 elementor-top-column elementor-element elementor-element-be48075\" data-id=\"be48075\" data-element_type=\"column\">\n\t\t\t<div class=\"elementor-widget-wrap elementor-element-populated\">\n\t\t\t\t\t\t<div class=\"elementor-element elementor-element-cabd190 elementor-view-stacked elementor-shape-square e-transform elementor-invisible elementor-widget elementor-widget-icon\" data-id=\"cabd190\" data-element_type=\"widget\" data-settings=\"{&quot;_animation&quot;:&quot;bounceIn&quot;,&quot;_transform_translateY_effect_hover&quot;:{&quot;unit&quot;:&quot;px&quot;,&quot;size&quot;:-5,&quot;sizes&quot;:[]},&quot;_transform_translateX_effect_hover&quot;:{&quot;unit&quot;:&quot;px&quot;,&quot;size&quot;:&quot;&quot;,&quot;sizes&quot;:[]},&quot;_transform_translateX_effect_hover_tablet&quot;:{&quot;unit&quot;:&quot;px&quot;,&quot;size&quot;:&quot;&quot;,&quot;sizes&quot;:[]},&quot;_transform_translateX_effect_hover_mobile&quot;:{&quot;unit&quot;:&quot;px&quot;,&quot;size&quot;:&quot;&quot;,&quot;sizes&quot;:[]},&quot;_transform_translateY_effect_hover_tablet&quot;:{&quot;unit&quot;:&quot;px&quot;,&quot;size&quot;:&quot;&quot;,&quot;sizes&quot;:[]},&quot;_transform_translateY_effect_hover_mobile&quot;:{&quot;unit&quot;:&quot;px&quot;,&quot;size&quot;:&quot;&quot;,&quot;sizes&quot;:[]}}\" data-widget_type=\"icon.default\">\n\t\t\t\t<div class=\"elementor-widget-container\">\n\t\t\t\t\t<!DOCTYPE html PUBLIC \"-\/\/W3C\/\/DTD HTML 4.0 Transitional\/\/EN\" \"http:\/\/www.w3.org\/TR\/REC-html40\/loose.dtd\">\n<html><body><div class=\"elementor-icon-wrapper\">\n\t\t\t<div class=\"elementor-icon\">\n\t\t\t\t\t\t<svg xmlns=\"http:\/\/www.w3.org\/2000\/svg\" id=\"a21fba4f-7517-4715-87d2-3675e31722d4\" data-name=\"Layer 1\" width=\"27\" height=\"27\" viewBox=\"0 0 27 27\"><path d=\"M8.2034,0A13.7214,13.7214,0,0,0,4.6507,3.2374a21.1552,21.1552,0,0,0-3.2943,5.73A19.646,19.646,0,0,0,0,16.3165a15.6686,15.6686,0,0,0,.872,5.2122A10.3971,10.3971,0,0,0,3.23,25.5108,4.382,4.382,0,0,0,6.33,27a3.4679,3.4679,0,0,0,2.5192-.9388,3.482,3.482,0,0,0,.9689-2.6224,3.7116,3.7116,0,0,0-.42-1.8453,13.6679,13.6679,0,0,0-1.3241-1.8453,18.162,18.162,0,0,1-1.8733-2.946,8.1319,8.1319,0,0,1-.6458-3.5288A14.55,14.55,0,0,1,7.0084,6.4748,12.4182,12.4182,0,0,1,10.012,2.46V1.7482L8.2679,0Z\"><\/path><path d=\"M27,2.46V1.7482L25.1914,0h-.0646a13.72,13.72,0,0,0-3.5526,3.2374,21.1552,21.1552,0,0,0-3.2943,5.73,19.646,19.646,0,0,0-1.3564,7.3488,15.6686,15.6686,0,0,0,.872,5.2122,10.3958,10.3958,0,0,0,2.3576,3.9821A4.44,4.44,0,0,0,23.3182,27a3.2884,3.2884,0,0,0,3.488-3.5612,3.7116,3.7116,0,0,0-.42-1.8453,13.6791,13.6791,0,0,0-1.3242-1.8453,14.21,14.21,0,0,1-1.9378-2.9137,8.3545,8.3545,0,0,1-.6459-3.5611,14.2861,14.2861,0,0,1,1.4856-6.7986A12.7542,12.7542,0,0,1,27,2.46Z\"><\/path><\/svg><\/div>\n\t\t<\/div>\n\t\t<\/body><\/html>\n\t\t\t\t<\/div>\n\t\t\t\t<\/div>\n\t\t\t\t<div class=\"elementor-element elementor-element-0e94ca8 elementor-blockquote--skin-clean elementor-blockquote--align-center elementor-blockquote--button-color-official elementor-invisible elementor-widget elementor-widget-blockquote\" data-id=\"0e94ca8\" data-element_type=\"widget\" data-settings=\"{&quot;_animation&quot;:&quot;fadeIn&quot;,&quot;_animation_delay&quot;:300}\" data-widget_type=\"blockquote.default\">\n\t\t\t\t<div class=\"elementor-widget-container\">\n\t\t\t\t\t\t\t<blockquote class=\"elementor-blockquote\">\n\t\t\t<p class=\"elementor-blockquote__content\">\n\t\t\t\tHerzlich willkommen in unserem sch\u00f6nen, neuen TowerCampus! Alle Zimmer sind mit Bad\nund Wi-fi ausgestattet.\n<br>\nWir befinden uns im Corso della Repubblica 171\/B (Forl\u00ec), ganz in der N\u00e4he der Universit\u00e4t.\n<br>\nHier werden Sie sicherlich viele nette Freunde kennenlernen. Ihr Studienaufenthalt wird ein\nganz tolles Erlebnis sein, versprochen!\n<br>\nWir warten auf Sie,\t\t\t<\/p>\n\t\t\t\t\t\t\t<div class=\"e-q-footer\">\n\t\t\t\t\t\t\t\t\t\t\t<cite class=\"elementor-blockquote__author\">Das Team von TowerCampus.<\/cite>\n\t\t\t\t\t\t\t\t\t\t\t\t\t\t<\/div>\n\t\t\t\t\t<\/blockquote>\n\t\t\t\t\t\t<\/div>\n\t\t\t\t<\/div>\n\t\t\t\t\t<\/div>\n\t\t<\/div>\n\t\t\t\t\t<\/div>\n\t\t<\/section>\n\t\t\t\t<\/div>\n\t\t","protected":false},"excerpt":{"rendered":"<p>\u00dcber uns Im Jahr 2013 hat Immobilsassari S.r.l. den innovative Tower Campus gegr\u00fcndet. Hier sind alle Zimmer mit Bad und Wifi ausgestattet. Au\u00dferdem finden Sie Gemeinschaftsr\u00e4ume, wo Sie studieren, essen, oder einfach Zeit mit anderen G\u00e4sten verbringen k\u00f6nnen. Das Team vom Tower Campus ist hoch motiviert und hat eine lebenslange Erfahrung im Bereich des Bau-und&#8230;<\/p>\n","protected":false},"author":1,"featured_media":0,"parent":0,"menu_order":0,"comment_status":"closed","ping_status":"closed","template":"elementor_header_footer","meta":{"footnotes":""},"class_list":["post-593","page","type-page","status-publish","hentry"],"_links":{"self":[{"href":"https:\/\/towercampus.com\/de\/wp-json\/wp\/v2\/pages\/593","targetHints":{"allow":["GET"]}}],"collection":[{"href":"https:\/\/towercampus.com\/de\/wp-json\/wp\/v2\/pages"}],"about":[{"href":"https:\/\/towercampus.com\/de\/wp-json\/wp\/v2\/types\/page"}],"author":[{"embeddable":true,"href":"https:\/\/towercampus.com\/de\/wp-json\/wp\/v2\/users\/1"}],"replies":[{"embeddable":true,"href":"https:\/\/towercampus.com\/de\/wp-json\/wp\/v2\/comments?post=593"}],"version-history":[{"count":134,"href":"https:\/\/towercampus.com\/de\/wp-json\/wp\/v2\/pages\/593\/revisions"}],"predecessor-version":[{"id":2450,"href":"https:\/\/towercampus.com\/de\/wp-json\/wp\/v2\/pages\/593\/revisions\/2450"}],"wp:attachment":[{"href":"https:\/\/towercampus.com\/de\/wp-json\/wp\/v2\/media?parent=593"}],"curies":[{"name":"wp","href":"https:\/\/api.w.org\/{rel}","templated":true}]}}